{"id":10435,"date":"2023-06-16T16:22:55","date_gmt":"2023-06-16T14:22:55","guid":{"rendered":"https:\/\/test.coopop.bike\/consejos-de-compra\/"},"modified":"2024-10-22T15:00:28","modified_gmt":"2024-10-22T13:00:28","slug":"consejos-de-compra","status":"publish","type":"page","link":"https:\/\/test.coopop.bike\/es\/consejos-de-compra\/","title":{"rendered":"Consejos de compra"},"content":{"rendered":"\t\t<div data-elementor-type=\"wp-page\" data-elementor-id=\"10435\" class=\"elementor elementor-10435 elementor-3448\" data-elementor-post-type=\"page\">\n\t\t\t\t<div class=\"elementor-element elementor-element-07feb4d e-flex e-con-boxed wpr-particle-no wpr-jarallax-no wpr-parallax-no wpr-sticky-section-no e-con e-parent\" data-id=\"07feb4d\" data-element_type=\"container\" data-settings=\"{&quot;background_background&quot;:&quot;classic&quot;}\">\n\t\t\t\t\t<div class=\"e-con-inner\">\n\t\t\t\t<div class=\"elementor-element elementor-element-767a655 elementor-widget elementor-widget-heading\" data-id=\"767a655\" data-element_type=\"widget\" data-widget_type=\"heading.default\">\n\t\t\t\t<div class=\"elementor-widget-container\">\n\t\t\t\t\t<h2 class=\"elementor-heading-title elementor-size-default\">Comprar un patinete el\u00e9ctrico: consejos e informaci\u00f3n<\/h2>\t\t\t\t<\/div>\n\t\t\t\t<\/div>\n\t\t\t\t\t<\/div>\n\t\t\t\t<\/div>\n\t\t<div class=\"elementor-element elementor-element-8e1903b e-con-full e-flex wpr-particle-no wpr-jarallax-no wpr-parallax-no wpr-sticky-section-no e-con e-parent\" data-id=\"8e1903b\" data-element_type=\"container\" data-settings=\"{&quot;background_background&quot;:&quot;classic&quot;}\">\n\t\t\t\t<div class=\"elementor-element elementor-element-67019c3 elementor-widget elementor-widget-text-editor\" data-id=\"67019c3\" data-element_type=\"widget\" data-widget_type=\"text-editor.default\">\n\t\t\t\t<div class=\"elementor-widget-container\">\n\t\t\t\t\t\t\t\t\t<p><em><strong>Los scooters el\u00e9ctricos no s\u00f3lo son respetuosos con el medio ambiente, sino tambi\u00e9n una alternativa rentable a los medios de transporte convencionales. Si quieres comprar un patinete el\u00e9ctrico y ahorrar dinero al mismo tiempo, \u00a1has venido al lugar adecuado! En este art\u00edculo encontrar\u00e1s toda la informaci\u00f3n relevante y valiosos consejos sobre c\u00f3mo conseguir la mejor oferta para tu scooter el\u00e9ctrico.  <\/strong><\/em><\/p>\n<p>Antes de comprar:<\/p>\n<ol>\n<li>Comparaci\u00f3n: Antes de comprar un scooter el\u00e9ctrico, es importante investigar lo suficiente y comparar los distintos modelos entre s\u00ed. Presta atenci\u00f3n a criterios como la autonom\u00eda, el tiempo de carga, la velocidad m\u00e1xima, la calidad y el precio. Los comentarios en Internet y las opiniones de expertos pueden ayudarte a tomar una decisi\u00f3n.  <\/li>\n<li>Ayuda econ\u00f3mica: Inf\u00f3rmate sobre las posibles opciones de ayuda econ\u00f3mica para la compra de un scooter el\u00e9ctrico. Muchos pa\u00edses y regiones ofrecen programas de ayuda o subvenciones para facilitar el cambio a veh\u00edculos respetuosos con el medio ambiente. Investiga los programas del gobierno local o ponte en contacto con las empresas energ\u00e9ticas y los ayuntamientos para averiguar si puedes beneficiarte de esas ayudas.    <a href=\"https:\/\/test.coopop.bike\/blog\/foerderungen\/\">Puedes obtener m\u00e1s informaci\u00f3n aqu\u00ed.<\/a><\/li>\n<li>Comprar de segunda mano: Si quieres ahorrar dinero, tambi\u00e9n puedes plantearte comprar un patinete el\u00e9ctrico de segunda mano. Puedes encontrar modelos en buen estado a un precio reducido a trav\u00e9s de plataformas online o mercados publicitarios locales. Aseg\u00farate de comprobar el estado del scooter y pregunta al vendedor por la duraci\u00f3n de la bater\u00eda y el historial de mantenimiento.  <\/li>\n<li>Mantenimiento y reparaci\u00f3n: No olvides incluir en tu c\u00e1lculo los costes de mantenimiento y reparaci\u00f3n. Aseg\u00farate de que el proveedor de tu scooter el\u00e9ctrico tiene una buena reputaci\u00f3n en t\u00e9rminos de fiabilidad y atenci\u00f3n al cliente. Los modelos de alta calidad suelen requerir menos mantenimiento y tienen periodos de garant\u00eda m\u00e1s largos, lo que puede ahorrarte dinero a largo plazo.  <\/li>\n<li>Seguro e impuestos: No olvides incluir los costes del seguro y los posibles impuestos en la planificaci\u00f3n de tu presupuesto. Aunque los scooters el\u00e9ctricos est\u00e1n exentos del impuesto de circulaci\u00f3n, el seguro de responsabilidad civil es obligatorio para su uso en la v\u00eda p\u00fablica. Compara las tarifas de seguros de distintos proveedores para encontrar la mejor opci\u00f3n para ti.  <\/li>\n<li>Accesorios y extras: Piensa tambi\u00e9n en el coste de los accesorios y extras, como cascos, cierres de seguridad, protecci\u00f3n contra la lluvia o bater\u00edas adicionales. Estos gastos adicionales deben tenerse en cuenta en tu presupuesto.\n<p>Por tanto: comprar un patinete el\u00e9ctrico no tiene por qu\u00e9 ser caro. Con una investigaci\u00f3n exhaustiva y una comparaci\u00f3n de los distintos modelos. <\/p>\n<p><strong>Por s\u00f3lo 2.490 euros puedes conseguir nuestra Coop Rugged GS y disfrutar de muchas ventajas:<\/strong><\/p>\n<\/li>\n<\/ol>\n<ol>\n<li>Locomoci\u00f3n r\u00e1pida y \u00e1gil: Nuestros modelos se caracterizan por su excepcional maniobrabilidad y r\u00e1pida aceleraci\u00f3n. Gracias al bajo peso del veh\u00edculo, de s\u00f3lo 40 kilogramos, a las bater\u00edas de alta calidad de fabricantes de renombre como LG y al motor de cubo de 1200 vatios, los scooters el\u00e9ctricos Coopop ofrecen un rendimiento impresionante. Por lo tanto, normalmente puedes llegar a tu destino m\u00e1s r\u00e1pido y con menos estr\u00e9s que en bicicleta, transporte p\u00fablico o coche.  <\/li>\n<li>Autonom\u00eda suficiente: Con hasta 50 kil\u00f3metros con una sola carga, puedes planificar tu pr\u00f3xima excursi\u00f3n con total tranquilidad. Si te quedas sin bater\u00eda, puedes recargar el scooter en cualquier enchufe convencional con toma de tierra de 230 V. <\/li>\n<li>Alternativa rentable al transporte p\u00fablico: Bas\u00e1ndonos en los precios actuales de la energ\u00eda, el coste de una carga de bater\u00eda es inferior a 50 c\u00e9ntimos. Esto es significativamente m\u00e1s barato que la mayor\u00eda de las formas de transporte p\u00fablico y te permite viajar de forma rentable y respetuosa con el medio ambiente. <\/li>\n<li>C\u00f3modo proceso de compra online: En Coopop, puedes comprar tu scooter el\u00e9ctrico desde la comodidad de tu casa. Todo el proceso se realiza online, desde la selecci\u00f3n del modelo hasta la realizaci\u00f3n del pedido. Si a\u00fan no est\u00e1s seguro de si el scooter el\u00e9ctrico es adecuado para ti, tienes la opci\u00f3n de concertar una prueba de conducci\u00f3n por adelantado antes de tomar una decisi\u00f3n definitiva. La entrega se realiza directamente en la puerta de tu casa, por lo que no tienes que preocuparte por el transporte.   <\/li>\n<li>Modelo de pago flexible: Si prefieres una opci\u00f3n de pago mensual, puedes realizar una compra a plazos con Coop a trav\u00e9s de PayPal. As\u00ed podr\u00e1s disfrutar ya de las ventajas de un scooter el\u00e9ctrico Coop. <\/li>\n<\/ol>\n\t\t\t\t\t\t\t\t<\/div>\n\t\t\t\t<\/div>\n\t\t\t\t<div class=\"elementor-element elementor-element-b5fa542 elementor-widget elementor-widget-heading\" data-id=\"b5fa542\" data-element_type=\"widget\" data-widget_type=\"heading.default\">\n\t\t\t\t<div class=\"elementor-widget-container\">\n\t\t\t\t\t<h2 class=\"elementor-heading-title elementor-size-default\"><a href=\"https:\/\/test.coopop.bike\/shop\/rugged-gs\/\">Haz clic aqu\u00ed para ver la Coop Rugged GS.<\/a><\/h2>\t\t\t\t<\/div>\n\t\t\t\t<\/div>\n\t\t\t\t<\/div>\n\t\t\t\t<\/div>\n\t\t","protected":false},"excerpt":{"rendered":"<p>Comprar un patinete el\u00e9ctrico: consejos e informaci\u00f3n Los scooters el\u00e9ctricos no s\u00f3lo son respetuosos con el medio ambiente, sino tambi\u00e9n una alternativa rentable a los medios de transporte convencionales. Si quieres comprar un patinete el\u00e9ctrico y ahorrar dinero al mismo tiempo, \u00a1has venido al lugar adecuado! En este art\u00edculo encontrar\u00e1s toda la informaci\u00f3n relevante y valiosos consejos sobre c\u00f3mo conseguir la mejor oferta para tu scooter el\u00e9ctrico. Antes de comprar: Comparaci\u00f3n: Antes de comprar un scooter el\u00e9ctrico, es importante investigar lo suficiente y comparar los distintos modelos entre s\u00ed. Presta atenci\u00f3n a criterios como la autonom\u00eda, el tiempo de carga, la velocidad m\u00e1xima, la calidad y el precio. Los comentarios en Internet y las opiniones de expertos pueden ayudarte a tomar una decisi\u00f3n. Ayuda econ\u00f3mica: Inf\u00f3rmate sobre las posibles opciones de ayuda econ\u00f3mica para la compra de un scooter el\u00e9ctrico. Muchos pa\u00edses y regiones ofrecen programas de ayuda o subvenciones para facilitar el cambio a veh\u00edculos respetuosos con el medio ambiente. Investiga los programas del gobierno local o ponte en contacto con las empresas energ\u00e9ticas y los ayuntamientos para averiguar si puedes beneficiarte de esas ayudas. Puedes obtener m\u00e1s informaci\u00f3n aqu\u00ed. Comprar de segunda mano: Si quieres ahorrar dinero, tambi\u00e9n puedes plantearte comprar un patinete el\u00e9ctrico de segunda mano. Puedes encontrar modelos en buen estado a un precio reducido a trav\u00e9s de plataformas online o mercados publicitarios locales. Aseg\u00farate de comprobar el estado del scooter y pregunta al vendedor por la duraci\u00f3n de la bater\u00eda y el historial de mantenimiento. Mantenimiento y reparaci\u00f3n: No olvides incluir en tu c\u00e1lculo los costes de mantenimiento y reparaci\u00f3n. Aseg\u00farate de que el proveedor de tu scooter el\u00e9ctrico tiene una buena reputaci\u00f3n en t\u00e9rminos de fiabilidad y atenci\u00f3n al cliente. Los modelos de alta calidad suelen requerir menos mantenimiento y tienen periodos de garant\u00eda m\u00e1s largos, lo que puede ahorrarte dinero a largo plazo. Seguro e impuestos: No olvides incluir los costes del seguro y los posibles impuestos en la planificaci\u00f3n de tu presupuesto. Aunque los scooters el\u00e9ctricos est\u00e1n exentos del impuesto de circulaci\u00f3n, el seguro de responsabilidad civil es obligatorio para su uso en la v\u00eda p\u00fablica. Compara las tarifas de seguros de distintos proveedores para encontrar la mejor opci\u00f3n para ti. Accesorios y extras: Piensa tambi\u00e9n en el coste de los accesorios y extras, como cascos, cierres de seguridad, protecci\u00f3n contra la lluvia o bater\u00edas adicionales. Estos gastos adicionales deben tenerse en cuenta en tu presupuesto. Por tanto: comprar un patinete el\u00e9ctrico no tiene por qu\u00e9 ser caro. Con una investigaci\u00f3n exhaustiva y una comparaci\u00f3n de los distintos modelos. Por s\u00f3lo 2.490 euros puedes conseguir nuestra Coop Rugged GS y disfrutar de muchas ventajas: Locomoci\u00f3n r\u00e1pida y \u00e1gil: Nuestros modelos se caracterizan por su excepcional maniobrabilidad y r\u00e1pida aceleraci\u00f3n. Gracias al bajo peso del veh\u00edculo, de s\u00f3lo 40 kilogramos, a las bater\u00edas de alta calidad de fabricantes de renombre como LG y al motor de cubo de 1200 vatios, los scooters el\u00e9ctricos Coopop ofrecen un rendimiento impresionante. Por lo tanto, normalmente puedes llegar a tu destino m\u00e1s r\u00e1pido y con menos estr\u00e9s que en bicicleta, transporte p\u00fablico o coche. Autonom\u00eda suficiente: Con hasta 50 kil\u00f3metros con una sola carga, puedes planificar tu pr\u00f3xima excursi\u00f3n con total tranquilidad. Si te quedas sin bater\u00eda, puedes recargar el scooter en cualquier enchufe convencional con toma de tierra de 230 V. Alternativa rentable al transporte p\u00fablico: Bas\u00e1ndonos en los precios actuales de la energ\u00eda, el coste de una carga de bater\u00eda es inferior a 50 c\u00e9ntimos. Esto es significativamente m\u00e1s barato que la mayor\u00eda de las formas de transporte p\u00fablico y te permite viajar de forma rentable y respetuosa con el medio ambiente. C\u00f3modo proceso de compra online: En Coopop, puedes comprar tu scooter el\u00e9ctrico desde la comodidad de tu casa. Todo el proceso se realiza online, desde la selecci\u00f3n del modelo hasta la realizaci\u00f3n del pedido. Si a\u00fan no est\u00e1s seguro de si el scooter el\u00e9ctrico es adecuado para ti, tienes la opci\u00f3n de concertar una prueba de conducci\u00f3n por adelantado antes de tomar una decisi\u00f3n definitiva. La entrega se realiza directamente en la puerta de tu casa, por lo que no tienes que preocuparte por el transporte. Modelo de pago flexible: Si prefieres una opci\u00f3n de pago mensual, puedes realizar una compra a plazos con Coop a trav\u00e9s de PayPal. As\u00ed podr\u00e1s disfrutar ya de las ventajas de un scooter el\u00e9ctrico Coop. Haz clic aqu\u00ed para ver la Coop Rugged GS.<\/p>\n","protected":false},"author":1,"featured_media":0,"parent":0,"menu_order":0,"comment_status":"closed","ping_status":"closed","template":"elementor_header_footer","meta":{"ocean_post_layout":"","ocean_both_sidebars_style":"","ocean_both_sidebars_content_width":0,"ocean_both_sidebars_sidebars_width":0,"ocean_sidebar":"","ocean_second_sidebar":"","ocean_disable_margins":"enable","ocean_add_body_class":"","ocean_shortcode_before_top_bar":"","ocean_shortcode_after_top_bar":"","ocean_shortcode_before_header":"","ocean_shortcode_after_header":"","ocean_has_shortcode":"","ocean_shortcode_after_title":"","ocean_shortcode_before_footer_widgets":"","ocean_shortcode_after_footer_widgets":"","ocean_shortcode_before_footer_bottom":"","ocean_shortcode_after_footer_bottom":"","ocean_display_top_bar":"default","ocean_display_header":"default","ocean_header_style":"","ocean_center_header_left_menu":"","ocean_custom_header_template":"","ocean_custom_logo":0,"ocean_custom_retina_logo":0,"ocean_custom_logo_max_width":0,"ocean_custom_logo_tablet_max_width":0,"ocean_custom_logo_mobile_max_width":0,"ocean_custom_logo_max_height":0,"ocean_custom_logo_tablet_max_height":0,"ocean_custom_logo_mobile_max_height":0,"ocean_header_custom_menu":"","ocean_menu_typo_font_family":"","ocean_menu_typo_font_subset":"","ocean_menu_typo_font_size":0,"ocean_menu_typo_font_size_tablet":0,"ocean_menu_typo_font_size_mobile":0,"ocean_menu_typo_font_size_unit":"px","ocean_menu_typo_font_weight":"","ocean_menu_typo_font_weight_tablet":"","ocean_menu_typo_font_weight_mobile":"","ocean_menu_typo_transform":"","ocean_menu_typo_transform_tablet":"","ocean_menu_typo_transform_mobile":"","ocean_menu_typo_line_height":0,"ocean_menu_typo_line_height_tablet":0,"ocean_menu_typo_line_height_mobile":0,"ocean_menu_typo_line_height_unit":"","ocean_menu_typo_spacing":0,"ocean_menu_typo_spacing_tablet":0,"ocean_menu_typo_spacing_mobile":0,"ocean_menu_typo_spacing_unit":"","ocean_menu_link_color":"","ocean_menu_link_color_hover":"","ocean_menu_link_color_active":"","ocean_menu_link_background":"","ocean_menu_link_hover_background":"","ocean_menu_link_active_background":"","ocean_menu_social_links_bg":"","ocean_menu_social_hover_links_bg":"","ocean_menu_social_links_color":"","ocean_menu_social_hover_links_color":"","ocean_disable_title":"default","ocean_disable_heading":"default","ocean_post_title":"","ocean_post_subheading":"","ocean_post_title_style":"","ocean_post_title_background_color":"","ocean_post_title_background":0,"ocean_post_title_bg_image_position":"","ocean_post_title_bg_image_attachment":"","ocean_post_title_bg_image_repeat":"","ocean_post_title_bg_image_size":"","ocean_post_title_height":0,"ocean_post_title_bg_overlay":0.5,"ocean_post_title_bg_overlay_color":"","ocean_disable_breadcrumbs":"default","ocean_breadcrumbs_color":"","ocean_breadcrumbs_separator_color":"","ocean_breadcrumbs_links_color":"","ocean_breadcrumbs_links_hover_color":"","ocean_display_footer_widgets":"default","ocean_display_footer_bottom":"default","ocean_custom_footer_template":"","footnotes":""},"class_list":["post-10435","page","type-page","status-publish","hentry","entry","owp-thumbs-layout-horizontal","owp-btn-normal","owp-tabs-layout-horizontal","has-no-thumbnails","has-product-nav"],"_links":{"self":[{"href":"https:\/\/test.coopop.bike\/es\/wp-json\/wp\/v2\/pages\/10435","targetHints":{"allow":["GET"]}}],"collection":[{"href":"https:\/\/test.coopop.bike\/es\/wp-json\/wp\/v2\/pages"}],"about":[{"href":"https:\/\/test.coopop.bike\/es\/wp-json\/wp\/v2\/types\/page"}],"author":[{"embeddable":true,"href":"https:\/\/test.coopop.bike\/es\/wp-json\/wp\/v2\/users\/1"}],"replies":[{"embeddable":true,"href":"https:\/\/test.coopop.bike\/es\/wp-json\/wp\/v2\/comments?post=10435"}],"version-history":[{"count":2,"href":"https:\/\/test.coopop.bike\/es\/wp-json\/wp\/v2\/pages\/10435\/revisions"}],"predecessor-version":[{"id":10444,"href":"https:\/\/test.coopop.bike\/es\/wp-json\/wp\/v2\/pages\/10435\/revisions\/10444"}],"wp:attachment":[{"href":"https:\/\/test.coopop.bike\/es\/wp-json\/wp\/v2\/media?parent=10435"}],"curies":[{"name":"wp","href":"https:\/\/api.w.org\/{rel}","templated":true}]}}