{"id":10158,"date":"2023-04-14T13:11:32","date_gmt":"2023-04-14T11:11:32","guid":{"rendered":"https:\/\/test.coopop.bike\/mentions-legales\/"},"modified":"2024-10-22T14:18:34","modified_gmt":"2024-10-22T12:18:34","slug":"mentions-legales","status":"publish","type":"page","link":"https:\/\/test.coopop.bike\/fr\/mentions-legales\/","title":{"rendered":"Mentions l\u00e9gales"},"content":{"rendered":"\t\t<div data-elementor-type=\"wp-page\" data-elementor-id=\"10158\" class=\"elementor elementor-10158 elementor-386\" data-elementor-post-type=\"page\">\n\t\t\t\t<div class=\"elementor-element elementor-element-068894c e-flex e-con-boxed wpr-particle-no wpr-jarallax-no wpr-parallax-no wpr-sticky-section-no e-con e-parent\" data-id=\"068894c\" data-element_type=\"container\" data-settings=\"{&quot;background_background&quot;:&quot;classic&quot;}\">\n\t\t\t\t\t<div class=\"e-con-inner\">\n\t\t\t\t<div class=\"elementor-element elementor-element-ee587b2 elementor-widget elementor-widget-heading\" data-id=\"ee587b2\" data-element_type=\"widget\" data-widget_type=\"heading.default\">\n\t\t\t\t<div class=\"elementor-widget-container\">\n\t\t\t\t\t<h2 class=\"elementor-heading-title elementor-size-default\">IMPRESSUM<\/h2>\t\t\t\t<\/div>\n\t\t\t\t<\/div>\n\t\t\t\t\t<\/div>\n\t\t\t\t<\/div>\n\t\t<div class=\"elementor-element elementor-element-a0326b7 e-flex e-con-boxed wpr-particle-no wpr-jarallax-no wpr-parallax-no wpr-sticky-section-no e-con e-parent\" data-id=\"a0326b7\" data-element_type=\"container\" data-settings=\"{&quot;background_background&quot;:&quot;classic&quot;}\">\n\t\t\t\t\t<div class=\"e-con-inner\">\n\t\t\t\t<div class=\"elementor-element elementor-element-84ddbf1 elementor-widget elementor-widget-text-editor\" data-id=\"84ddbf1\" data-element_type=\"widget\" data-widget_type=\"text-editor.default\">\n\t\t\t\t<div class=\"elementor-widget-container\">\n\t\t\t\t\t\t\t\t\t<p>Informations conform\u00e9ment au \u00a75 de la loi sur les t\u00e9l\u00e9m\u00e9dias<\/p>\n<p><strong>Drive-Electro BW GmbH<\/strong><br \/><strong>4, rue Senefelderstra\u00dfe<\/strong><br \/><strong>48282 Emsdetten<\/strong><\/p>\n<p>Forme juridique : GmbH<br \/>Num\u00e9ro d&rsquo;identification fiscale : 311\/5843\/1359<br \/>Num\u00e9ro de TVA : DE 329171431<br \/>HRB : 12743<br \/>Tribunal d&rsquo;instance de Steinfurt<\/p>\n<p>E-mail : hello@test.coopop.bike<br \/>T\u00e9l\u00e9phone : 02572\/9511358<\/p>\n<p>Repr\u00e9sent\u00e9 par les directeurs :<br \/>Matthias Welp, Bernd Block<\/p>\n<p>Droit d&rsquo;acc\u00e8s et de r\u00e9tractation<br \/>Vous avez \u00e0 tout moment le droit de vous renseigner gratuitement et sans d\u00e9lai sur les donn\u00e9es collect\u00e9es vous concernant. Vous pouvez \u00e9galement r\u00e9voquer votre consentement \u00e0 l&rsquo;utilisation de vos donn\u00e9es personnelles avec effet futur. Pour ce faire, veuillez vous adresser au prestataire de services indiqu\u00e9 dans les mentions l\u00e9gales.  <\/p>\n<p>Avis de responsabilit\u00e9<br \/>Notre offre contient des liens vers des sites Web externes de tiers, sur le contenu desquels nous n&rsquo;avons aucune influence. Nous ne pouvons donc pas nous porter garants de ces contenus externes. Le fournisseur ou l&rsquo;exploitant des pages li\u00e9es est toujours responsable du contenu de ces pages. Les pages li\u00e9es ont \u00e9t\u00e9 v\u00e9rifi\u00e9es au moment de la cr\u00e9ation du lien afin de s&rsquo;assurer qu&rsquo;elles n&rsquo;enfreignaient pas la loi. Aucun contenu ill\u00e9gal n&rsquo;a \u00e9t\u00e9 identifi\u00e9 au moment de la cr\u00e9ation du lien. Un contr\u00f4le permanent du contenu des pages li\u00e9es n&rsquo;est cependant pas exigible sans indices concrets d&rsquo;une violation de la loi. Si nous prenons connaissance d&rsquo;une violation de la loi, nous supprimerons imm\u00e9diatement les liens concern\u00e9s.      <\/p>\n<p>Droit d&rsquo;auteur<br \/>Les contenus et les \u0153uvres cr\u00e9\u00e9s par les exploitants des pages de ce site sont soumis au droit d&rsquo;auteur allemand. La reproduction, le traitement, la diffusion et toute forme d&rsquo;exploitation en dehors des limites du droit d&rsquo;auteur n\u00e9cessitent l&rsquo;accord \u00e9crit de l&rsquo;auteur ou du cr\u00e9ateur concern\u00e9. Les t\u00e9l\u00e9chargements et les copies de ce site ne sont autoris\u00e9s que pour un usage priv\u00e9 et non commercial. Dans la mesure o\u00f9 les contenus de ce site n&rsquo;ont pas \u00e9t\u00e9 cr\u00e9\u00e9s par l&rsquo;exploitant, les droits d&rsquo;auteur de tiers sont respect\u00e9s. En particulier, les contenus de tiers sont identifi\u00e9s comme tels. Si vous deviez n\u00e9anmoins constater une violation des droits d&rsquo;auteur, nous vous prions de nous en informer. D\u00e8s que nous aurons connaissance d&rsquo;une violation de la loi, nous supprimerons imm\u00e9diatement le contenu en question.      <\/p>\n<p>R\u00e8glement des litiges<br \/>Vous trouverez la plate-forme de l&rsquo;UE pour le r\u00e8glement extrajudiciaire des litiges en ligne sur le lien suivant : https:\/\/ec.europa.eu\/consumers\/odr<\/p>\n\t\t\t\t\t\t\t\t<\/div>\n\t\t\t\t<\/div>\n\t\t\t\t\t<\/div>\n\t\t\t\t<\/div>\n\t\t\t\t<\/div>\n\t\t","protected":false},"excerpt":{"rendered":"<p>IMPRESSUM Informations conform\u00e9ment au \u00a75 de la loi sur les t\u00e9l\u00e9m\u00e9dias Drive-Electro BW GmbH4, rue Senefelderstra\u00dfe48282 Emsdetten Forme juridique : GmbHNum\u00e9ro d&rsquo;identification fiscale : 311\/5843\/1359Num\u00e9ro de TVA : DE 329171431HRB : 12743Tribunal d&rsquo;instance de Steinfurt E-mail : hello@test.coopop.bikeT\u00e9l\u00e9phone : 02572\/9511358 Repr\u00e9sent\u00e9 par les directeurs :Matthias Welp, Bernd Block Droit d&rsquo;acc\u00e8s et de r\u00e9tractationVous avez \u00e0 tout moment le droit de vous renseigner gratuitement et sans d\u00e9lai sur les donn\u00e9es collect\u00e9es vous concernant. Vous pouvez \u00e9galement r\u00e9voquer votre consentement \u00e0 l&rsquo;utilisation de vos donn\u00e9es personnelles avec effet futur. Pour ce faire, veuillez vous adresser au prestataire de services indiqu\u00e9 dans les mentions l\u00e9gales. Avis de responsabilit\u00e9Notre offre contient des liens vers des sites Web externes de tiers, sur le contenu desquels nous n&rsquo;avons aucune influence. Nous ne pouvons donc pas nous porter garants de ces contenus externes. Le fournisseur ou l&rsquo;exploitant des pages li\u00e9es est toujours responsable du contenu de ces pages. Les pages li\u00e9es ont \u00e9t\u00e9 v\u00e9rifi\u00e9es au moment de la cr\u00e9ation du lien afin de s&rsquo;assurer qu&rsquo;elles n&rsquo;enfreignaient pas la loi. Aucun contenu ill\u00e9gal n&rsquo;a \u00e9t\u00e9 identifi\u00e9 au moment de la cr\u00e9ation du lien. Un contr\u00f4le permanent du contenu des pages li\u00e9es n&rsquo;est cependant pas exigible sans indices concrets d&rsquo;une violation de la loi. Si nous prenons connaissance d&rsquo;une violation de la loi, nous supprimerons imm\u00e9diatement les liens concern\u00e9s. Droit d&rsquo;auteurLes contenus et les \u0153uvres cr\u00e9\u00e9s par les exploitants des pages de ce site sont soumis au droit d&rsquo;auteur allemand. La reproduction, le traitement, la diffusion et toute forme d&rsquo;exploitation en dehors des limites du droit d&rsquo;auteur n\u00e9cessitent l&rsquo;accord \u00e9crit de l&rsquo;auteur ou du cr\u00e9ateur concern\u00e9. Les t\u00e9l\u00e9chargements et les copies de ce site ne sont autoris\u00e9s que pour un usage priv\u00e9 et non commercial. Dans la mesure o\u00f9 les contenus de ce site n&rsquo;ont pas \u00e9t\u00e9 cr\u00e9\u00e9s par l&rsquo;exploitant, les droits d&rsquo;auteur de tiers sont respect\u00e9s. En particulier, les contenus de tiers sont identifi\u00e9s comme tels. Si vous deviez n\u00e9anmoins constater une violation des droits d&rsquo;auteur, nous vous prions de nous en informer. D\u00e8s que nous aurons connaissance d&rsquo;une violation de la loi, nous supprimerons imm\u00e9diatement le contenu en question. R\u00e8glement des litigesVous trouverez la plate-forme de l&rsquo;UE pour le r\u00e8glement extrajudiciaire des litiges en ligne sur le lien suivant : https:\/\/ec.europa.eu\/consumers\/odr<\/p>\n","protected":false},"author":1,"featured_media":0,"parent":0,"menu_order":0,"comment_status":"closed","ping_status":"closed","template":"elementor_header_footer","meta":{"ocean_post_layout":"","ocean_both_sidebars_style":"","ocean_both_sidebars_content_width":0,"ocean_both_sidebars_sidebars_width":0,"ocean_sidebar":"","ocean_second_sidebar":"","ocean_disable_margins":"enable","ocean_add_body_class":"","ocean_shortcode_before_top_bar":"","ocean_shortcode_after_top_bar":"","ocean_shortcode_before_header":"","ocean_shortcode_after_header":"","ocean_has_shortcode":"","ocean_shortcode_after_title":"","ocean_shortcode_before_footer_widgets":"","ocean_shortcode_after_footer_widgets":"","ocean_shortcode_before_footer_bottom":"","ocean_shortcode_after_footer_bottom":"","ocean_display_top_bar":"default","ocean_display_header":"default","ocean_header_style":"","ocean_center_header_left_menu":"","ocean_custom_header_template":"","ocean_custom_logo":0,"ocean_custom_retina_logo":0,"ocean_custom_logo_max_width":0,"ocean_custom_logo_tablet_max_width":0,"ocean_custom_logo_mobile_max_width":0,"ocean_custom_logo_max_height":0,"ocean_custom_logo_tablet_max_height":0,"ocean_custom_logo_mobile_max_height":0,"ocean_header_custom_menu":"","ocean_menu_typo_font_family":"","ocean_menu_typo_font_subset":"","ocean_menu_typo_font_size":0,"ocean_menu_typo_font_size_tablet":0,"ocean_menu_typo_font_size_mobile":0,"ocean_menu_typo_font_size_unit":"px","ocean_menu_typo_font_weight":"","ocean_menu_typo_font_weight_tablet":"","ocean_menu_typo_font_weight_mobile":"","ocean_menu_typo_transform":"","ocean_menu_typo_transform_tablet":"","ocean_menu_typo_transform_mobile":"","ocean_menu_typo_line_height":0,"ocean_menu_typo_line_height_tablet":0,"ocean_menu_typo_line_height_mobile":0,"ocean_menu_typo_line_height_unit":"","ocean_menu_typo_spacing":0,"ocean_menu_typo_spacing_tablet":0,"ocean_menu_typo_spacing_mobile":0,"ocean_menu_typo_spacing_unit":"","ocean_menu_link_color":"","ocean_menu_link_color_hover":"","ocean_menu_link_color_active":"","ocean_menu_link_background":"","ocean_menu_link_hover_background":"","ocean_menu_link_active_background":"","ocean_menu_social_links_bg":"","ocean_menu_social_hover_links_bg":"","ocean_menu_social_links_color":"","ocean_menu_social_hover_links_color":"","ocean_disable_title":"default","ocean_disable_heading":"default","ocean_post_title":"","ocean_post_subheading":"","ocean_post_title_style":"","ocean_post_title_background_color":"","ocean_post_title_background":0,"ocean_post_title_bg_image_position":"","ocean_post_title_bg_image_attachment":"","ocean_post_title_bg_image_repeat":"","ocean_post_title_bg_image_size":"","ocean_post_title_height":0,"ocean_post_title_bg_overlay":0.5,"ocean_post_title_bg_overlay_color":"","ocean_disable_breadcrumbs":"default","ocean_breadcrumbs_color":"","ocean_breadcrumbs_separator_color":"","ocean_breadcrumbs_links_color":"","ocean_breadcrumbs_links_hover_color":"","ocean_display_footer_widgets":"default","ocean_display_footer_bottom":"default","ocean_custom_footer_template":"","footnotes":""},"class_list":["post-10158","page","type-page","status-publish","hentry","entry","owp-thumbs-layout-horizontal","owp-btn-normal","owp-tabs-layout-horizontal","has-no-thumbnails","has-product-nav"],"_links":{"self":[{"href":"https:\/\/test.coopop.bike\/fr\/wp-json\/wp\/v2\/pages\/10158","targetHints":{"allow":["GET"]}}],"collection":[{"href":"https:\/\/test.coopop.bike\/fr\/wp-json\/wp\/v2\/pages"}],"about":[{"href":"https:\/\/test.coopop.bike\/fr\/wp-json\/wp\/v2\/types\/page"}],"author":[{"embeddable":true,"href":"https:\/\/test.coopop.bike\/fr\/wp-json\/wp\/v2\/users\/1"}],"replies":[{"embeddable":true,"href":"https:\/\/test.coopop.bike\/fr\/wp-json\/wp\/v2\/comments?post=10158"}],"version-history":[{"count":2,"href":"https:\/\/test.coopop.bike\/fr\/wp-json\/wp\/v2\/pages\/10158\/revisions"}],"predecessor-version":[{"id":10162,"href":"https:\/\/test.coopop.bike\/fr\/wp-json\/wp\/v2\/pages\/10158\/revisions\/10162"}],"wp:attachment":[{"href":"https:\/\/test.coopop.bike\/fr\/wp-json\/wp\/v2\/media?parent=10158"}],"curies":[{"name":"wp","href":"https:\/\/api.w.org\/{rel}","templated":true}]}}