{"id":10214,"date":"2023-06-16T16:22:55","date_gmt":"2023-06-16T14:22:55","guid":{"rendered":"https:\/\/test.coopop.bike\/blog\/conseils-dachat\/"},"modified":"2024-10-22T14:19:30","modified_gmt":"2024-10-22T12:19:30","slug":"conseils-dachat","status":"publish","type":"page","link":"https:\/\/test.coopop.bike\/fr\/blog\/conseils-dachat\/","title":{"rendered":"Conseils d&rsquo;achat"},"content":{"rendered":"\t\t<div data-elementor-type=\"wp-page\" data-elementor-id=\"10214\" class=\"elementor elementor-10214 elementor-3448\" data-elementor-post-type=\"page\">\n\t\t\t\t<div class=\"elementor-element elementor-element-07feb4d e-flex e-con-boxed wpr-particle-no wpr-jarallax-no wpr-parallax-no wpr-sticky-section-no e-con e-parent\" data-id=\"07feb4d\" data-element_type=\"container\" data-settings=\"{&quot;background_background&quot;:&quot;classic&quot;}\">\n\t\t\t\t\t<div class=\"e-con-inner\">\n\t\t\t\t<div class=\"elementor-element elementor-element-767a655 elementor-widget elementor-widget-heading\" data-id=\"767a655\" data-element_type=\"widget\" data-widget_type=\"heading.default\">\n\t\t\t\t<div class=\"elementor-widget-container\">\n\t\t\t\t\t<h2 class=\"elementor-heading-title elementor-size-default\">Acheter un scooter \u00e9lectrique : conseils et informations<\/h2>\t\t\t\t<\/div>\n\t\t\t\t<\/div>\n\t\t\t\t\t<\/div>\n\t\t\t\t<\/div>\n\t\t<div class=\"elementor-element elementor-element-8e1903b e-con-full e-flex wpr-particle-no wpr-jarallax-no wpr-parallax-no wpr-sticky-section-no e-con e-parent\" data-id=\"8e1903b\" data-element_type=\"container\" data-settings=\"{&quot;background_background&quot;:&quot;classic&quot;}\">\n\t\t\t\t<div class=\"elementor-element elementor-element-67019c3 elementor-widget elementor-widget-text-editor\" data-id=\"67019c3\" data-element_type=\"widget\" data-widget_type=\"text-editor.default\">\n\t\t\t\t<div class=\"elementor-widget-container\">\n\t\t\t\t\t\t\t\t\t<p><em><strong>Les scooters \u00e9lectriques ne sont pas seulement respectueux de l&rsquo;environnement, ils constituent \u00e9galement une alternative \u00e9conomique aux moyens de transport traditionnels. Si vous souhaitez acheter un scooter \u00e9lectrique tout en faisant des \u00e9conomies, vous \u00eates au bon endroit ! Dans cet article, vous trouverez toutes les informations pertinentes et de pr\u00e9cieux conseils pour obtenir la meilleure affaire pour votre scooter \u00e9lectrique.  <\/strong><\/em><\/p>\n<p>Avant l&rsquo;achat :<\/p>\n<ol>\n<li>Comparaison : avant d&rsquo;acheter un scooter \u00e9lectrique, il est important de faire suffisamment de recherches et de comparer les diff\u00e9rents mod\u00e8les. Prenez en compte des crit\u00e8res tels que l&rsquo;autonomie, le temps de charge, la vitesse maximale, la qualit\u00e9 et le prix. Les commentaires en ligne et les avis d&rsquo;experts peuvent vous aider \u00e0 prendre votre d\u00e9cision.  <\/li>\n<li>Aide financi\u00e8re : renseignez-vous sur les aides financi\u00e8res possibles pour l&rsquo;achat d&rsquo;un scooter \u00e9lectrique. De nombreux pays et r\u00e9gions proposent des programmes d&rsquo;aide ou des subventions pour faciliter le passage \u00e0 des v\u00e9hicules \u00e9cologiques. Recherchez les programmes gouvernementaux locaux ou contactez les entreprises \u00e9nerg\u00e9tiques et les municipalit\u00e9s pour savoir si vous pouvez b\u00e9n\u00e9ficier d&rsquo;une telle aide.    <a href=\"https:\/\/test.coopop.bike\/fr\/?page_id=10202\">Vous pouvez en savoir plus ici.<\/a><\/li>\n<li>Achat d&rsquo;occasion : si vous souhaitez \u00e9conomiser de l&rsquo;argent, vous pouvez \u00e9galement envisager d&rsquo;acheter un scooter \u00e9lectrique d&rsquo;occasion. Vous pouvez trouver des mod\u00e8les en bon \u00e9tat \u00e0 un prix r\u00e9duit sur des plateformes en ligne ou des march\u00e9s d&rsquo;annonces locaux. Assurez-vous de v\u00e9rifier l&rsquo;\u00e9tat du scooter et de demander au vendeur l&rsquo;autonomie de la batterie et l&rsquo;historique de l&rsquo;entretien.  <\/li>\n<li>Entretien et r\u00e9paration : n&rsquo;oubliez pas d&rsquo;inclure les co\u00fbts d&rsquo;entretien et de r\u00e9paration dans votre calcul. Assurez-vous que le fournisseur de votre scooter \u00e9lectrique a une bonne r\u00e9putation en termes de fiabilit\u00e9 et de service apr\u00e8s-vente. Les mod\u00e8les haut de gamme n\u00e9cessitent g\u00e9n\u00e9ralement moins d&rsquo;entretien et ont des p\u00e9riodes de garantie plus longues, ce qui peut vous faire \u00e9conomiser de l&rsquo;argent \u00e0 long terme.  <\/li>\n<li>Assurance et taxes : N&rsquo;oubliez pas d&rsquo;inclure le co\u00fbt de l&rsquo;assurance et des taxes \u00e9ventuelles dans votre budget. Bien que les scooters \u00e9lectriques soient exon\u00e9r\u00e9s de la taxe sur les v\u00e9hicules \u00e0 moteur, une assurance responsabilit\u00e9 civile est obligatoire pour leur utilisation sur la voie publique. Comparez les tarifs d&rsquo;assurance de diff\u00e9rents fournisseurs afin de trouver la meilleure option pour vous.  <\/li>\n<li>Accessoires et extras : Pensez \u00e9galement au co\u00fbt des accessoires et des extras tels que les casques, les cadenas de s\u00e9curit\u00e9, les protections contre la pluie ou les batteries suppl\u00e9mentaires. Ces d\u00e9penses suppl\u00e9mentaires doivent \u00eatre prises en compte dans votre budget.\n<p>Ainsi, l&rsquo;achat d&rsquo;un scooter \u00e9lectrique ne doit pas \u00eatre co\u00fbteux. En faisant des recherches approfondies et en comparant diff\u00e9rents mod\u00e8les. <\/p>\n<p><strong>Pour seulement 2 490 \u20ac, vous pouvez obtenir notre Coop Rugged GS et profiter de nombreux avantages :<\/strong><\/p>\n<\/li>\n<\/ol>\n<ol>\n<li>Un d\u00e9placement rapide et agile : Nos mod\u00e8les se caract\u00e9risent par une maniabilit\u00e9 exceptionnelle et une acc\u00e9l\u00e9ration rapide. Gr\u00e2ce \u00e0 leur poids plume de 40 kg, \u00e0 leurs batteries de qualit\u00e9 sup\u00e9rieure fabriqu\u00e9es par des fabricants renomm\u00e9s comme LG et \u00e0 leur moteur de 1200 watts dans le moyeu, les scooters \u00e9lectriques Coopop offrent des performances impressionnantes. Vous atteindrez votre destination plus rapidement et sans stress qu&rsquo;\u00e0 v\u00e9lo, en transports en commun ou en voiture.  <\/li>\n<li>Une autonomie suffisante : avec jusqu&rsquo;\u00e0 50 kilom\u00e8tres sur une seule charge, vous pouvez planifier votre prochain voyage en toute tranquillit\u00e9. En cas de besoin, vous pouvez recharger votre scooter sur n&rsquo;importe quelle prise de courant classique de 230V. <\/li>\n<li>Une alternative \u00e9conomique aux transports publics : Sur la base des prix actuels de l&rsquo;\u00e9nergie, le co\u00fbt d&rsquo;une charge de batterie est inf\u00e9rieur \u00e0 50 cents. C&rsquo;est bien moins cher que la plupart des transports en commun et cela vous permet de vous d\u00e9placer de mani\u00e8re rentable et \u00e9cologique. <\/li>\n<li>Processus d&rsquo;achat en ligne pratique : chez Coop, vous pouvez acheter votre scooter \u00e9lectrique sans bouger de chez vous. Tout le processus se fait en ligne, du choix du mod\u00e8le \u00e0 la commande. Si tu n&rsquo;es pas encore s\u00fbr que le scooter \u00e9lectrique est fait pour toi, tu as la possibilit\u00e9 de convenir d&rsquo;un essai avant de prendre une d\u00e9cision d\u00e9finitive. La livraison se fait directement devant votre porte, vous n&rsquo;avez donc pas \u00e0 vous soucier du transport.   <\/li>\n<li>Mod\u00e8le de paiement flexible : si tu pr\u00e9f\u00e8res une option de paiement mensuel, tu peux souscrire chez Coop un achat en plusieurs fois via PayPal. Vous pouvez ainsi profiter d\u00e8s maintenant des avantages d&rsquo;un scooter \u00e9lectrique Coopop. <\/li>\n<\/ol>\n\t\t\t\t\t\t\t\t<\/div>\n\t\t\t\t<\/div>\n\t\t\t\t<div class=\"elementor-element elementor-element-b5fa542 elementor-widget elementor-widget-heading\" data-id=\"b5fa542\" data-element_type=\"widget\" data-widget_type=\"heading.default\">\n\t\t\t\t<div class=\"elementor-widget-container\">\n\t\t\t\t\t<h2 class=\"elementor-heading-title elementor-size-default\"><a href=\"https:\/\/test.coopop.bike\/fr\/boutique\/rugged-gs\/\">Cliquez ici pour acc\u00e9der au Coopop Rugged GS.<\/a><\/h2>\t\t\t\t<\/div>\n\t\t\t\t<\/div>\n\t\t\t\t<\/div>\n\t\t\t\t<\/div>\n\t\t","protected":false},"excerpt":{"rendered":"<p>Acheter un scooter \u00e9lectrique : conseils et informations Les scooters \u00e9lectriques ne sont pas seulement respectueux de l&rsquo;environnement, ils constituent \u00e9galement une alternative \u00e9conomique aux moyens de transport traditionnels. Si vous souhaitez acheter un scooter \u00e9lectrique tout en faisant des \u00e9conomies, vous \u00eates au bon endroit ! Dans cet article, vous trouverez toutes les informations pertinentes et de pr\u00e9cieux conseils pour obtenir la meilleure affaire pour votre scooter \u00e9lectrique. Avant l&rsquo;achat : Comparaison : avant d&rsquo;acheter un scooter \u00e9lectrique, il est important de faire suffisamment de recherches et de comparer les diff\u00e9rents mod\u00e8les. Prenez en compte des crit\u00e8res tels que l&rsquo;autonomie, le temps de charge, la vitesse maximale, la qualit\u00e9 et le prix. Les commentaires en ligne et les avis d&rsquo;experts peuvent vous aider \u00e0 prendre votre d\u00e9cision. Aide financi\u00e8re : renseignez-vous sur les aides financi\u00e8res possibles pour l&rsquo;achat d&rsquo;un scooter \u00e9lectrique. De nombreux pays et r\u00e9gions proposent des programmes d&rsquo;aide ou des subventions pour faciliter le passage \u00e0 des v\u00e9hicules \u00e9cologiques. Recherchez les programmes gouvernementaux locaux ou contactez les entreprises \u00e9nerg\u00e9tiques et les municipalit\u00e9s pour savoir si vous pouvez b\u00e9n\u00e9ficier d&rsquo;une telle aide. Vous pouvez en savoir plus ici. Achat d&rsquo;occasion : si vous souhaitez \u00e9conomiser de l&rsquo;argent, vous pouvez \u00e9galement envisager d&rsquo;acheter un scooter \u00e9lectrique d&rsquo;occasion. Vous pouvez trouver des mod\u00e8les en bon \u00e9tat \u00e0 un prix r\u00e9duit sur des plateformes en ligne ou des march\u00e9s d&rsquo;annonces locaux. Assurez-vous de v\u00e9rifier l&rsquo;\u00e9tat du scooter et de demander au vendeur l&rsquo;autonomie de la batterie et l&rsquo;historique de l&rsquo;entretien. Entretien et r\u00e9paration : n&rsquo;oubliez pas d&rsquo;inclure les co\u00fbts d&rsquo;entretien et de r\u00e9paration dans votre calcul. Assurez-vous que le fournisseur de votre scooter \u00e9lectrique a une bonne r\u00e9putation en termes de fiabilit\u00e9 et de service apr\u00e8s-vente. Les mod\u00e8les haut de gamme n\u00e9cessitent g\u00e9n\u00e9ralement moins d&rsquo;entretien et ont des p\u00e9riodes de garantie plus longues, ce qui peut vous faire \u00e9conomiser de l&rsquo;argent \u00e0 long terme. Assurance et taxes : N&rsquo;oubliez pas d&rsquo;inclure le co\u00fbt de l&rsquo;assurance et des taxes \u00e9ventuelles dans votre budget. Bien que les scooters \u00e9lectriques soient exon\u00e9r\u00e9s de la taxe sur les v\u00e9hicules \u00e0 moteur, une assurance responsabilit\u00e9 civile est obligatoire pour leur utilisation sur la voie publique. Comparez les tarifs d&rsquo;assurance de diff\u00e9rents fournisseurs afin de trouver la meilleure option pour vous. Accessoires et extras : Pensez \u00e9galement au co\u00fbt des accessoires et des extras tels que les casques, les cadenas de s\u00e9curit\u00e9, les protections contre la pluie ou les batteries suppl\u00e9mentaires. Ces d\u00e9penses suppl\u00e9mentaires doivent \u00eatre prises en compte dans votre budget. Ainsi, l&rsquo;achat d&rsquo;un scooter \u00e9lectrique ne doit pas \u00eatre co\u00fbteux. En faisant des recherches approfondies et en comparant diff\u00e9rents mod\u00e8les. Pour seulement 2 490 \u20ac, vous pouvez obtenir notre Coop Rugged GS et profiter de nombreux avantages : Un d\u00e9placement rapide et agile : Nos mod\u00e8les se caract\u00e9risent par une maniabilit\u00e9 exceptionnelle et une acc\u00e9l\u00e9ration rapide. Gr\u00e2ce \u00e0 leur poids plume de 40 kg, \u00e0 leurs batteries de qualit\u00e9 sup\u00e9rieure fabriqu\u00e9es par des fabricants renomm\u00e9s comme LG et \u00e0 leur moteur de 1200 watts dans le moyeu, les scooters \u00e9lectriques Coopop offrent des performances impressionnantes. Vous atteindrez votre destination plus rapidement et sans stress qu&rsquo;\u00e0 v\u00e9lo, en transports en commun ou en voiture. Une autonomie suffisante : avec jusqu&rsquo;\u00e0 50 kilom\u00e8tres sur une seule charge, vous pouvez planifier votre prochain voyage en toute tranquillit\u00e9. En cas de besoin, vous pouvez recharger votre scooter sur n&rsquo;importe quelle prise de courant classique de 230V. Une alternative \u00e9conomique aux transports publics : Sur la base des prix actuels de l&rsquo;\u00e9nergie, le co\u00fbt d&rsquo;une charge de batterie est inf\u00e9rieur \u00e0 50 cents. C&rsquo;est bien moins cher que la plupart des transports en commun et cela vous permet de vous d\u00e9placer de mani\u00e8re rentable et \u00e9cologique. Processus d&rsquo;achat en ligne pratique : chez Coop, vous pouvez acheter votre scooter \u00e9lectrique sans bouger de chez vous. Tout le processus se fait en ligne, du choix du mod\u00e8le \u00e0 la commande. Si tu n&rsquo;es pas encore s\u00fbr que le scooter \u00e9lectrique est fait pour toi, tu as la possibilit\u00e9 de convenir d&rsquo;un essai avant de prendre une d\u00e9cision d\u00e9finitive. La livraison se fait directement devant votre porte, vous n&rsquo;avez donc pas \u00e0 vous soucier du transport. Mod\u00e8le de paiement flexible : si tu pr\u00e9f\u00e8res une option de paiement mensuel, tu peux souscrire chez Coop un achat en plusieurs fois via PayPal. Vous pouvez ainsi profiter d\u00e8s maintenant des avantages d&rsquo;un scooter \u00e9lectrique Coopop. Cliquez ici pour acc\u00e9der au Coopop Rugged GS.<\/p>\n","protected":false},"author":1,"featured_media":0,"parent":10175,"menu_order":0,"comment_status":"closed","ping_status":"closed","template":"elementor_header_footer","meta":{"ocean_post_layout":"","ocean_both_sidebars_style":"","ocean_both_sidebars_content_width":0,"ocean_both_sidebars_sidebars_width":0,"ocean_sidebar":"","ocean_second_sidebar":"","ocean_disable_margins":"enable","ocean_add_body_class":"","ocean_shortcode_before_top_bar":"","ocean_shortcode_after_top_bar":"","ocean_shortcode_before_header":"","ocean_shortcode_after_header":"","ocean_has_shortcode":"","ocean_shortcode_after_title":"","ocean_shortcode_before_footer_widgets":"","ocean_shortcode_after_footer_widgets":"","ocean_shortcode_before_footer_bottom":"","ocean_shortcode_after_footer_bottom":"","ocean_display_top_bar":"default","ocean_display_header":"default","ocean_header_style":"","ocean_center_header_left_menu":"","ocean_custom_header_template":"","ocean_custom_logo":0,"ocean_custom_retina_logo":0,"ocean_custom_logo_max_width":0,"ocean_custom_logo_tablet_max_width":0,"ocean_custom_logo_mobile_max_width":0,"ocean_custom_logo_max_height":0,"ocean_custom_logo_tablet_max_height":0,"ocean_custom_logo_mobile_max_height":0,"ocean_header_custom_menu":"","ocean_menu_typo_font_family":"","ocean_menu_typo_font_subset":"","ocean_menu_typo_font_size":0,"ocean_menu_typo_font_size_tablet":0,"ocean_menu_typo_font_size_mobile":0,"ocean_menu_typo_font_size_unit":"px","ocean_menu_typo_font_weight":"","ocean_menu_typo_font_weight_tablet":"","ocean_menu_typo_font_weight_mobile":"","ocean_menu_typo_transform":"","ocean_menu_typo_transform_tablet":"","ocean_menu_typo_transform_mobile":"","ocean_menu_typo_line_height":0,"ocean_menu_typo_line_height_tablet":0,"ocean_menu_typo_line_height_mobile":0,"ocean_menu_typo_line_height_unit":"","ocean_menu_typo_spacing":0,"ocean_menu_typo_spacing_tablet":0,"ocean_menu_typo_spacing_mobile":0,"ocean_menu_typo_spacing_unit":"","ocean_menu_link_color":"","ocean_menu_link_color_hover":"","ocean_menu_link_color_active":"","ocean_menu_link_background":"","ocean_menu_link_hover_background":"","ocean_menu_link_active_background":"","ocean_menu_social_links_bg":"","ocean_menu_social_hover_links_bg":"","ocean_menu_social_links_color":"","ocean_menu_social_hover_links_color":"","ocean_disable_title":"default","ocean_disable_heading":"default","ocean_post_title":"","ocean_post_subheading":"","ocean_post_title_style":"","ocean_post_title_background_color":"","ocean_post_title_background":0,"ocean_post_title_bg_image_position":"","ocean_post_title_bg_image_attachment":"","ocean_post_title_bg_image_repeat":"","ocean_post_title_bg_image_size":"","ocean_post_title_height":0,"ocean_post_title_bg_overlay":0.5,"ocean_post_title_bg_overlay_color":"","ocean_disable_breadcrumbs":"default","ocean_breadcrumbs_color":"","ocean_breadcrumbs_separator_color":"","ocean_breadcrumbs_links_color":"","ocean_breadcrumbs_links_hover_color":"","ocean_display_footer_widgets":"default","ocean_display_footer_bottom":"default","ocean_custom_footer_template":"","footnotes":""},"class_list":["post-10214","page","type-page","status-publish","hentry","entry","owp-thumbs-layout-horizontal","owp-btn-normal","owp-tabs-layout-horizontal","has-no-thumbnails","has-product-nav"],"_links":{"self":[{"href":"https:\/\/test.coopop.bike\/fr\/wp-json\/wp\/v2\/pages\/10214","targetHints":{"allow":["GET"]}}],"collection":[{"href":"https:\/\/test.coopop.bike\/fr\/wp-json\/wp\/v2\/pages"}],"about":[{"href":"https:\/\/test.coopop.bike\/fr\/wp-json\/wp\/v2\/types\/page"}],"author":[{"embeddable":true,"href":"https:\/\/test.coopop.bike\/fr\/wp-json\/wp\/v2\/users\/1"}],"replies":[{"embeddable":true,"href":"https:\/\/test.coopop.bike\/fr\/wp-json\/wp\/v2\/comments?post=10214"}],"version-history":[{"count":3,"href":"https:\/\/test.coopop.bike\/fr\/wp-json\/wp\/v2\/pages\/10214\/revisions"}],"predecessor-version":[{"id":10219,"href":"https:\/\/test.coopop.bike\/fr\/wp-json\/wp\/v2\/pages\/10214\/revisions\/10219"}],"up":[{"embeddable":true,"href":"https:\/\/test.coopop.bike\/fr\/wp-json\/wp\/v2\/pages\/10175"}],"wp:attachment":[{"href":"https:\/\/test.coopop.bike\/fr\/wp-json\/wp\/v2\/media?parent=10214"}],"curies":[{"name":"wp","href":"https:\/\/api.w.org\/{rel}","templated":true}]}}