{"id":10419,"date":"2023-05-10T14:26:39","date_gmt":"2023-05-10T12:26:39","guid":{"rendered":"https:\/\/test.coopop.bike\/partner-serwisowy-i-naprawy\/"},"modified":"2024-10-22T15:00:28","modified_gmt":"2024-10-22T13:00:28","slug":"partner-serwisowy-i-naprawy","status":"publish","type":"page","link":"https:\/\/test.coopop.bike\/pl\/partner-serwisowy-i-naprawy\/","title":{"rendered":"Partner serwisowy i naprawy"},"content":{"rendered":"\t\t<div data-elementor-type=\"wp-page\" data-elementor-id=\"10419\" class=\"elementor elementor-10419 elementor-2300\" data-elementor-post-type=\"page\">\n\t\t\t\t<div class=\"elementor-element elementor-element-f22828f e-con-full e-flex wpr-particle-no wpr-jarallax-no wpr-parallax-no wpr-sticky-section-no e-con e-parent\" data-id=\"f22828f\" data-element_type=\"container\" data-settings=\"{&quot;background_background&quot;:&quot;classic&quot;}\">\n\t\t\t\t<div class=\"elementor-element elementor-element-452fa8d elementor-widget elementor-widget-heading\" data-id=\"452fa8d\" data-element_type=\"widget\" data-widget_type=\"heading.default\">\n\t\t\t\t<div class=\"elementor-widget-container\">\n\t\t\t\t\t<h1 class=\"elementor-heading-title elementor-size-default\">SERWIS I NAPRAWA COOPOP<\/h1>\t\t\t\t<\/div>\n\t\t\t\t<\/div>\n\t\t\t\t<div class=\"elementor-element elementor-element-6bc11e4 elementor-view-default elementor-widget elementor-widget-icon\" data-id=\"6bc11e4\" data-element_type=\"widget\" data-widget_type=\"icon.default\">\n\t\t\t\t<div class=\"elementor-widget-container\">\n\t\t\t\t\t\t\t<div class=\"elementor-icon-wrapper\">\n\t\t\t<a class=\"elementor-icon elementor-animation-grow\" href=\"#service\">\n\t\t\t<svg xmlns=\"http:\/\/www.w3.org\/2000\/svg\" width=\"30\" height=\"15\" viewBox=\"0 0 30 15\" fill=\"none\"><path d=\"M15 14C13.8693 14 12.7387 13.5917 11.8826 12.7903L1.35131 2.93167C0.882896 2.49317 0.882896 1.76738 1.35131 1.32888C1.81973 0.890375 2.59504 0.890375 3.06346 1.32888L13.5947 11.1875C14.37 11.9133 15.6299 11.9133 16.4052 11.1875L26.9365 1.32888C27.405 0.890375 28.1803 0.890375 28.6487 1.32888C29.1171 1.76738 29.1171 2.49317 28.6487 2.93167L18.1174 12.7903C17.2613 13.5917 16.1306 14 15 14Z\" stroke=\"white\"><\/path><\/svg>\t\t\t<\/a>\n\t\t<\/div>\n\t\t\t\t\t\t<\/div>\n\t\t\t\t<\/div>\n\t\t\t\t<\/div>\n\t\t<div class=\"elementor-element elementor-element-03e2295 e-flex e-con-boxed wpr-particle-no wpr-jarallax-no wpr-parallax-no wpr-sticky-section-no e-con e-parent\" data-id=\"03e2295\" data-element_type=\"container\" data-settings=\"{&quot;background_background&quot;:&quot;classic&quot;}\">\n\t\t\t\t\t<div class=\"e-con-inner\">\n\t\t\t\t<div class=\"elementor-element elementor-element-24434b0 elementor-widget elementor-widget-text-editor\" data-id=\"24434b0\" data-element_type=\"widget\" id=\"service\" data-widget_type=\"text-editor.default\">\n\t\t\t\t<div class=\"elementor-widget-container\">\n\t\t\t\t\t\t\t\t\t<p>Us\u0142uga mo\u017ce by\u0107 wykonana przez dowolnego dealera Coop. Nasi partnerzy serwisowi s\u0105 przeszkoleni w zakresie konserwacji i napraw. W przypadku konieczno\u015bci wymiany cz\u0119\u015bci otrzymasz oryginalne cz\u0119\u015bci zamienne Coopop.  <\/p>\n\t\t\t\t\t\t\t\t<\/div>\n\t\t\t\t<\/div>\n\t\t\t\t<div class=\"elementor-element elementor-element-e5574e5 elementor-widget__width-auto wpr-button-icon-style-inline elementor-widget elementor-widget-wpr-button\" data-id=\"e5574e5\" data-element_type=\"widget\" data-widget_type=\"wpr-button.default\">\n\t\t\t\t<div class=\"elementor-widget-container\">\n\t\t\t\t\t\t\n\t\t\t\n\t\t\n\t\t<div class=\"wpr-button-wrap elementor-clearfix\">\n\t\t<a class=\"wpr-button wpr-button-effect wpr-button-isi-left\" data-text=\"\" href=\"https:\/\/test.coopop.bike\/fahre-coopop\/\">\n\t\t\t\n\t\t\t<span class=\"wpr-button-content\">\n\t\t\t\t\t\t\t\t\t<span class=\"wpr-button-text\">DO DEALER\u00d3W SP\u00d3\u0141DZIELNI<\/span>\n\t\t\t\t\t\t\t\t\n\t\t\t\t\t\t\t<\/span>\n\t\t<\/a>\n\n\t\t\t\t<\/div>\n\t\n\t\n\t\t\t\t\t<\/div>\n\t\t\t\t<\/div>\n\t\t\t\t\t<\/div>\n\t\t\t\t<\/div>\n\t\t<div class=\"elementor-element elementor-element-c1b51d4 e-flex e-con-boxed wpr-particle-no wpr-jarallax-no wpr-parallax-no wpr-sticky-section-no e-con e-parent\" data-id=\"c1b51d4\" data-element_type=\"container\" data-settings=\"{&quot;background_background&quot;:&quot;classic&quot;}\">\n\t\t\t\t\t<div class=\"e-con-inner\">\n\t\t\t\t<div class=\"elementor-element elementor-element-3e5ffc0 pa-carousel-template elementor-widget elementor-widget-premium-carousel-widget\" data-id=\"3e5ffc0\" data-element_type=\"widget\" data-widget_type=\"premium-carousel-widget.default\">\n\t\t\t\t<div class=\"elementor-widget-container\">\n\t\t\t\t\t\t\t<div id=\"premium-carousel-wrapper-3e5ffc0\" class=\"premium-carousel-wrapper premium-carousel-hidden carousel-wrapper-3e5ffc0  premium-carousel-dots-below\" data-settings=\"{&quot;vertical&quot;:false,&quot;appearance&quot;:&quot;all&quot;,&quot;slidesToShow&quot;:3,&quot;infinite&quot;:true,&quot;speed&quot;:300,&quot;fade&quot;:false,&quot;autoplay&quot;:true,&quot;autoplaySpeed&quot;:5000,&quot;draggable&quot;:true,&quot;touchMove&quot;:true,&quot;adaptiveHeight&quot;:false,&quot;variableWidth&quot;:false,&quot;cssEase&quot;:&quot;ease&quot;,&quot;pauseOnHover&quot;:false,&quot;centerMode&quot;:false,&quot;arrows&quot;:false,&quot;dots&quot;:true,&quot;slidesDesk&quot;:3,&quot;slidesTab&quot;:1,&quot;slidesMob&quot;:1,&quot;animation&quot;:&quot;null&quot;,&quot;tabletBreak&quot;:1025,&quot;mobileBreak&quot;:768,&quot;navigation&quot;:[&quot;&quot;,&quot;&quot;,&quot;&quot;],&quot;carouselNavigation&quot;:&quot;dots&quot;,&quot;templatesNumber&quot;:3}\">\n\t\t\t\t\t\t\t\t<div class=\"premium-carousel-nav-dot\">\n\t\t\t\t<svg xmlns=\"http:\/\/www.w3.org\/2000\/svg\" width=\"16\" height=\"15\" viewBox=\"0 0 16 15\" fill=\"none\"><mask id=\"mask0_1331_929\" style=\"mask-type:luminance\" maskUnits=\"userSpaceOnUse\" x=\"0\" y=\"0\" width=\"16\" height=\"15\"><path d=\"M0.624023 0H15.7351V15H0.624023V0Z\" fill=\"white\"><\/path><\/mask><g mask=\"url(#mask0_1331_929)\"><path d=\"M3.59089 0.00402832L0.72168 2.87324L5.35131 7.50345L0.72168 12.1331L3.59089 15.0023L8.22052 10.3727L12.8507 15.0023L15.7199 12.1331L11.0897 7.50345L15.7199 2.87324L12.8507 0.00402832L8.22052 4.63424L3.59089 0.00402832Z\" fill=\"black\"><\/path><\/g><\/svg>\t\t\t\t\t<\/div>\n\t\t\t\t\t\t\t\t\t<div id=\"premium-carousel-3e5ffc0\" class=\"premium-carousel-inner\">\n\t\t\t\t\t\t\t\t\t\t<div class=\"premium-carousel-template item-wrapper\">\n\t\t\t\t\t\t\t<style>.elementor-11296 .elementor-element.elementor-element-b6be7f2{--display:flex;--min-height:120px;--justify-content:flex-start;--border-radius:0px 0px 0px 0px;--padding-top:12px;--padding-bottom:12px;--padding-left:0px;--padding-right:0px;}.elementor-widget-icon-box.elementor-view-stacked .elementor-icon{background-color:var( --e-global-color-primary );}.elementor-widget-icon-box.elementor-view-framed .elementor-icon, .elementor-widget-icon-box.elementor-view-default .elementor-icon{fill:var( --e-global-color-primary );color:var( --e-global-color-primary );border-color:var( --e-global-color-primary );}.elementor-widget-icon-box .elementor-icon-box-title, .elementor-widget-icon-box .elementor-icon-box-title a{font-family:var( --e-global-typography-primary-font-family ), Sans-serif;font-weight:var( --e-global-typography-primary-font-weight );}.elementor-widget-icon-box .elementor-icon-box-title{color:var( --e-global-color-primary );}.elementor-widget-icon-box:has(:hover) .elementor-icon-box-title,\n\t\t\t\t\t .elementor-widget-icon-box:has(:focus) .elementor-icon-box-title{color:var( --e-global-color-primary );}.elementor-widget-icon-box .elementor-icon-box-description{font-family:var( --e-global-typography-text-font-family ), Sans-serif;font-weight:var( --e-global-typography-text-font-weight );color:var( --e-global-color-text );}.elementor-11296 .elementor-element.elementor-element-80a3228 > .elementor-widget-container{margin:0px 0px 0px 0px;padding:3px 15px 3px 15px;border-style:solid;}.elementor-11296 .elementor-element.elementor-element-80a3228 .elementor-icon-box-wrapper{text-align:left;}.elementor-11296 .elementor-element.elementor-element-80a3228 .elementor-icon-box-title, .elementor-11296 .elementor-element.elementor-element-80a3228 .elementor-icon-box-title a{font-family:\"Saira Condensed\", Sans-serif;font-size:20px;font-weight:500;font-style:normal;line-height:28px;}.elementor-11296 .elementor-element.elementor-element-80a3228 .elementor-icon-box-title{color:#000000;}.elementor-11296 .elementor-element.elementor-element-80a3228 .elementor-icon-box-description{font-family:\"Saira Condensed\", Sans-serif;font-size:16px;font-weight:500;color:#000000;}@media(max-width:801px){.elementor-11296 .elementor-element.elementor-element-b6be7f2{--width:89%;--margin-top:0%;--margin-bottom:2%;--margin-left:5.5%;--margin-right:5.5%;}.elementor-11296 .elementor-element.elementor-element-80a3228 .elementor-icon-box-title, .elementor-11296 .elementor-element.elementor-element-80a3228 .elementor-icon-box-title a{font-size:14px;line-height:28px;}.elementor-11296 .elementor-element.elementor-element-80a3228 .elementor-icon-box-description{font-size:13px;}}@media(min-width:802px){.elementor-11296 .elementor-element.elementor-element-b6be7f2{--width:82%;}}<\/style>\t\t<div data-elementor-type=\"container\" data-elementor-id=\"11296\" class=\"elementor elementor-11296 elementor-7472\" data-elementor-post-type=\"elementor_library\">\n\t\t\t\t<div class=\"elementor-element elementor-element-b6be7f2 e-con-full e-flex wpr-particle-no wpr-jarallax-no wpr-parallax-no wpr-sticky-section-no e-con e-parent\" data-id=\"b6be7f2\" data-element_type=\"container\" data-settings=\"{&quot;background_background&quot;:&quot;classic&quot;}\">\n\t\t\t\t<div class=\"elementor-element elementor-element-80a3228 elementor-widget elementor-widget-icon-box\" data-id=\"80a3228\" data-element_type=\"widget\" data-widget_type=\"icon-box.default\">\n\t\t\t\t<div class=\"elementor-widget-container\">\n\t\t\t\t\t\t\t<div class=\"elementor-icon-box-wrapper\">\n\n\t\t\t\n\t\t\t\t\t\t<div class=\"elementor-icon-box-content\">\n\n\t\t\t\t\t\t\t\t\t<span class=\"elementor-icon-box-title\">\n\t\t\t\t\t\t<span  >\n\t\t\t\t\t\t\tKonserwacja i kontrola\t\t\t\t\t\t<\/span>\n\t\t\t\t\t<\/span>\n\t\t\t\t\n\t\t\t\t\t\t\t\t\t<p class=\"elementor-icon-box-description\">\n\t\t\t\t\t\tZalecamy coroczn\u0105 konserwacj\u0119 i piel\u0119gnacj\u0119 hulajnogi elektrycznej.\t\t\t\t\t<\/p>\n\t\t\t\t\n\t\t\t<\/div>\n\t\t\t\n\t\t<\/div>\n\t\t\t\t\t\t<\/div>\n\t\t\t\t<\/div>\n\t\t\t\t<\/div>\n\t\t\t\t<\/div>\n\t\t\n\t\t\t\t\t\t\t\t\t\t\t\t\t<\/div>\n\t\t\t\t\t\t\t\t\t\t\t\t<div class=\"premium-carousel-template item-wrapper\">\n\t\t\t\t\t\t\t<style>.elementor-11230 .elementor-element.elementor-element-b6be7f2{--display:flex;--min-height:120px;--justify-content:flex-start;--border-radius:0px 0px 0px 0px;--padding-top:12px;--padding-bottom:12px;--padding-left:0px;--padding-right:0px;}.elementor-widget-icon-box.elementor-view-stacked .elementor-icon{background-color:var( --e-global-color-primary );}.elementor-widget-icon-box.elementor-view-framed .elementor-icon, .elementor-widget-icon-box.elementor-view-default .elementor-icon{fill:var( --e-global-color-primary );color:var( --e-global-color-primary );border-color:var( --e-global-color-primary );}.elementor-widget-icon-box .elementor-icon-box-title, .elementor-widget-icon-box .elementor-icon-box-title a{font-family:var( --e-global-typography-primary-font-family ), Sans-serif;font-weight:var( --e-global-typography-primary-font-weight );}.elementor-widget-icon-box .elementor-icon-box-title{color:var( --e-global-color-primary );}.elementor-widget-icon-box:has(:hover) .elementor-icon-box-title,\n\t\t\t\t\t .elementor-widget-icon-box:has(:focus) .elementor-icon-box-title{color:var( --e-global-color-primary );}.elementor-widget-icon-box .elementor-icon-box-description{font-family:var( --e-global-typography-text-font-family ), Sans-serif;font-weight:var( --e-global-typography-text-font-weight );color:var( --e-global-color-text );}.elementor-11230 .elementor-element.elementor-element-80a3228 > .elementor-widget-container{margin:0px 0px 0px 0px;padding:3px 15px 3px 15px;border-style:solid;}.elementor-11230 .elementor-element.elementor-element-80a3228 .elementor-icon-box-wrapper{text-align:left;}.elementor-11230 .elementor-element.elementor-element-80a3228 .elementor-icon-box-title, .elementor-11230 .elementor-element.elementor-element-80a3228 .elementor-icon-box-title a{font-family:\"Saira Condensed\", Sans-serif;font-size:20px;font-weight:500;font-style:normal;line-height:28px;}.elementor-11230 .elementor-element.elementor-element-80a3228 .elementor-icon-box-title{color:#000000;}.elementor-11230 .elementor-element.elementor-element-80a3228 .elementor-icon-box-description{font-family:\"Saira Condensed\", Sans-serif;font-size:16px;font-weight:500;color:#000000;}@media(max-width:801px){.elementor-11230 .elementor-element.elementor-element-b6be7f2{--width:89%;--margin-top:0%;--margin-bottom:2%;--margin-left:5.5%;--margin-right:5.5%;}.elementor-11230 .elementor-element.elementor-element-80a3228 .elementor-icon-box-title, .elementor-11230 .elementor-element.elementor-element-80a3228 .elementor-icon-box-title a{font-size:14px;line-height:28px;}.elementor-11230 .elementor-element.elementor-element-80a3228 .elementor-icon-box-description{font-size:13px;}}@media(min-width:802px){.elementor-11230 .elementor-element.elementor-element-b6be7f2{--width:82%;}}<\/style>\t\t<div data-elementor-type=\"container\" data-elementor-id=\"11230\" class=\"elementor elementor-11230 elementor-7476\" data-elementor-post-type=\"elementor_library\">\n\t\t\t\t<div class=\"elementor-element elementor-element-b6be7f2 e-con-full e-flex wpr-particle-no wpr-jarallax-no wpr-parallax-no wpr-sticky-section-no e-con e-parent\" data-id=\"b6be7f2\" data-element_type=\"container\" data-settings=\"{&quot;background_background&quot;:&quot;classic&quot;}\">\n\t\t\t\t<div class=\"elementor-element elementor-element-80a3228 elementor-widget elementor-widget-icon-box\" data-id=\"80a3228\" data-element_type=\"widget\" data-widget_type=\"icon-box.default\">\n\t\t\t\t<div class=\"elementor-widget-container\">\n\t\t\t\t\t\t\t<div class=\"elementor-icon-box-wrapper\">\n\n\t\t\t\n\t\t\t\t\t\t<div class=\"elementor-icon-box-content\">\n\n\t\t\t\t\t\t\t\t\t<span class=\"elementor-icon-box-title\">\n\t\t\t\t\t\t<span  >\n\t\t\t\t\t\t\tOryginalne cz\u0119\u015bci zamienne i akcesoria\t\t\t\t\t\t<\/span>\n\t\t\t\t\t<\/span>\n\t\t\t\t\n\t\t\t\t\t\t\t\t\t<p class=\"elementor-icon-box-description\">\n\t\t\t\t\t\tNasi dealerzy u\u017cywaj\u0105 wy\u0142\u0105cznie oryginalnych cz\u0119\u015bci zamiennych i akcesori\u00f3w Coop.\t\t\t\t\t<\/p>\n\t\t\t\t\n\t\t\t<\/div>\n\t\t\t\n\t\t<\/div>\n\t\t\t\t\t\t<\/div>\n\t\t\t\t<\/div>\n\t\t\t\t<\/div>\n\t\t\t\t<\/div>\n\t\t\n\t\t\t\t\t\t\t\t\t\t\t\t\t<\/div>\n\t\t\t\t\t\t\t\t\t\t\t\t<div class=\"premium-carousel-template item-wrapper\">\n\t\t\t\t\t\t\t<style>.elementor-11251 .elementor-element.elementor-element-b6be7f2{--display:flex;--min-height:120px;--justify-content:flex-start;--border-radius:0px 0px 0px 0px;--padding-top:12px;--padding-bottom:12px;--padding-left:0px;--padding-right:0px;}.elementor-widget-icon-box.elementor-view-stacked .elementor-icon{background-color:var( --e-global-color-primary );}.elementor-widget-icon-box.elementor-view-framed .elementor-icon, .elementor-widget-icon-box.elementor-view-default .elementor-icon{fill:var( --e-global-color-primary );color:var( --e-global-color-primary );border-color:var( --e-global-color-primary );}.elementor-widget-icon-box .elementor-icon-box-title, .elementor-widget-icon-box .elementor-icon-box-title a{font-family:var( --e-global-typography-primary-font-family ), Sans-serif;font-weight:var( --e-global-typography-primary-font-weight );}.elementor-widget-icon-box .elementor-icon-box-title{color:var( --e-global-color-primary );}.elementor-widget-icon-box:has(:hover) .elementor-icon-box-title,\n\t\t\t\t\t .elementor-widget-icon-box:has(:focus) .elementor-icon-box-title{color:var( --e-global-color-primary );}.elementor-widget-icon-box .elementor-icon-box-description{font-family:var( --e-global-typography-text-font-family ), Sans-serif;font-weight:var( --e-global-typography-text-font-weight );color:var( --e-global-color-text );}.elementor-11251 .elementor-element.elementor-element-80a3228 > .elementor-widget-container{margin:0px 0px 0px 0px;padding:3px 15px 3px 15px;border-style:solid;}.elementor-11251 .elementor-element.elementor-element-80a3228 .elementor-icon-box-wrapper{text-align:left;}.elementor-11251 .elementor-element.elementor-element-80a3228 .elementor-icon-box-title, .elementor-11251 .elementor-element.elementor-element-80a3228 .elementor-icon-box-title a{font-family:\"Saira Condensed\", Sans-serif;font-size:20px;font-weight:500;font-style:normal;line-height:28px;}.elementor-11251 .elementor-element.elementor-element-80a3228 .elementor-icon-box-title{color:#000000;}.elementor-11251 .elementor-element.elementor-element-80a3228 .elementor-icon-box-description{font-family:\"Saira Condensed\", Sans-serif;font-size:16px;font-weight:500;color:#000000;}@media(max-width:801px){.elementor-11251 .elementor-element.elementor-element-b6be7f2{--width:89%;--margin-top:0%;--margin-bottom:2%;--margin-left:5.5%;--margin-right:5.5%;}.elementor-11251 .elementor-element.elementor-element-80a3228 .elementor-icon-box-title, .elementor-11251 .elementor-element.elementor-element-80a3228 .elementor-icon-box-title a{font-size:14px;line-height:28px;}.elementor-11251 .elementor-element.elementor-element-80a3228 .elementor-icon-box-description{font-size:13px;}}@media(min-width:802px){.elementor-11251 .elementor-element.elementor-element-b6be7f2{--width:82%;}}<\/style>\t\t<div data-elementor-type=\"container\" data-elementor-id=\"11251\" class=\"elementor elementor-11251 elementor-7477\" data-elementor-post-type=\"elementor_library\">\n\t\t\t\t<div class=\"elementor-element elementor-element-b6be7f2 e-con-full e-flex wpr-particle-no wpr-jarallax-no wpr-parallax-no wpr-sticky-section-no e-con e-parent\" data-id=\"b6be7f2\" data-element_type=\"container\" data-settings=\"{&quot;background_background&quot;:&quot;classic&quot;}\">\n\t\t\t\t<div class=\"elementor-element elementor-element-80a3228 elementor-widget elementor-widget-icon-box\" data-id=\"80a3228\" data-element_type=\"widget\" data-widget_type=\"icon-box.default\">\n\t\t\t\t<div class=\"elementor-widget-container\">\n\t\t\t\t\t\t\t<div class=\"elementor-icon-box-wrapper\">\n\n\t\t\t\n\t\t\t\t\t\t<div class=\"elementor-icon-box-content\">\n\n\t\t\t\t\t\t\t\t\t<span class=\"elementor-icon-box-title\">\n\t\t\t\t\t\t<span  >\n\t\t\t\t\t\t\tWsparcie techniczne\t\t\t\t\t\t<\/span>\n\t\t\t\t\t<\/span>\n\t\t\t\t\n\t\t\t\t\t\t\t\t\t<p class=\"elementor-icon-box-description\">\n\t\t\t\t\t\tSkontaktuj si\u0119 z nami, je\u015bli masz jakiekolwiek pytania techniczne.\t\t\t\t\t<\/p>\n\t\t\t\t\n\t\t\t<\/div>\n\t\t\t\n\t\t<\/div>\n\t\t\t\t\t\t<\/div>\n\t\t\t\t<\/div>\n\t\t\t\t<\/div>\n\t\t\t\t<\/div>\n\t\t\n\t\t\t\t\t\t\t\t\t\t\t\t\t<\/div>\n\t\t\t\t\t\t\t\t\t<\/div>\n\t\t\t\t\t\t\t\t<\/div>\n\t\t\t\t\t\t<\/div>\n\t\t\t\t<\/div>\n\t\t\t\t\t<\/div>\n\t\t\t\t<\/div>\n\t\t\t\t<\/div>\n\t\t","protected":false},"excerpt":{"rendered":"<p>SERWIS I NAPRAWA COOPOP Us\u0142uga mo\u017ce by\u0107 wykonana przez dowolnego dealera Coop. Nasi partnerzy serwisowi s\u0105 przeszkoleni w zakresie konserwacji i napraw. W przypadku konieczno\u015bci wymiany cz\u0119\u015bci otrzymasz oryginalne cz\u0119\u015bci zamienne Coopop. DO DEALER\u00d3W SP\u00d3\u0141DZIELNI Wartung &#038; Inspektion Wir empfehlen eine j\u00e4hrliche Wartung und Pflege der Elektroroller. Original Ersatzteile &#038; Zubeh\u00f6r Unsere H\u00e4ndler verwenden ausschlie\u00dflich originale Ersatz- und Zubeh\u00f6rteile von Coopop. Technischer Support Kontaktiere uns, wenn du technische Fragen hast.<\/p>\n","protected":false},"author":1,"featured_media":0,"parent":0,"menu_order":0,"comment_status":"closed","ping_status":"closed","template":"elementor_header_footer","meta":{"ocean_post_layout":"","ocean_both_sidebars_style":"","ocean_both_sidebars_content_width":0,"ocean_both_sidebars_sidebars_width":0,"ocean_sidebar":"","ocean_second_sidebar":"","ocean_disable_margins":"enable","ocean_add_body_class":"","ocean_shortcode_before_top_bar":"","ocean_shortcode_after_top_bar":"","ocean_shortcode_before_header":"","ocean_shortcode_after_header":"","ocean_has_shortcode":"","ocean_shortcode_after_title":"","ocean_shortcode_before_footer_widgets":"","ocean_shortcode_after_footer_widgets":"","ocean_shortcode_before_footer_bottom":"","ocean_shortcode_after_footer_bottom":"","ocean_display_top_bar":"default","ocean_display_header":"default","ocean_header_style":"","ocean_center_header_left_menu":"","ocean_custom_header_template":"","ocean_custom_logo":0,"ocean_custom_retina_logo":0,"ocean_custom_logo_max_width":0,"ocean_custom_logo_tablet_max_width":0,"ocean_custom_logo_mobile_max_width":0,"ocean_custom_logo_max_height":0,"ocean_custom_logo_tablet_max_height":0,"ocean_custom_logo_mobile_max_height":0,"ocean_header_custom_menu":"","ocean_menu_typo_font_family":"","ocean_menu_typo_font_subset":"","ocean_menu_typo_font_size":0,"ocean_menu_typo_font_size_tablet":0,"ocean_menu_typo_font_size_mobile":0,"ocean_menu_typo_font_size_unit":"px","ocean_menu_typo_font_weight":"","ocean_menu_typo_font_weight_tablet":"","ocean_menu_typo_font_weight_mobile":"","ocean_menu_typo_transform":"","ocean_menu_typo_transform_tablet":"","ocean_menu_typo_transform_mobile":"","ocean_menu_typo_line_height":0,"ocean_menu_typo_line_height_tablet":0,"ocean_menu_typo_line_height_mobile":0,"ocean_menu_typo_line_height_unit":"","ocean_menu_typo_spacing":0,"ocean_menu_typo_spacing_tablet":0,"ocean_menu_typo_spacing_mobile":0,"ocean_menu_typo_spacing_unit":"","ocean_menu_link_color":"","ocean_menu_link_color_hover":"","ocean_menu_link_color_active":"","ocean_menu_link_background":"","ocean_menu_link_hover_background":"","ocean_menu_link_active_background":"","ocean_menu_social_links_bg":"","ocean_menu_social_hover_links_bg":"","ocean_menu_social_links_color":"","ocean_menu_social_hover_links_color":"","ocean_disable_title":"default","ocean_disable_heading":"default","ocean_post_title":"","ocean_post_subheading":"","ocean_post_title_style":"","ocean_post_title_background_color":"","ocean_post_title_background":0,"ocean_post_title_bg_image_position":"","ocean_post_title_bg_image_attachment":"","ocean_post_title_bg_image_repeat":"","ocean_post_title_bg_image_size":"","ocean_post_title_height":0,"ocean_post_title_bg_overlay":0.5,"ocean_post_title_bg_overlay_color":"","ocean_disable_breadcrumbs":"default","ocean_breadcrumbs_color":"","ocean_breadcrumbs_separator_color":"","ocean_breadcrumbs_links_color":"","ocean_breadcrumbs_links_hover_color":"","ocean_display_footer_widgets":"default","ocean_display_footer_bottom":"default","ocean_custom_footer_template":"","footnotes":""},"class_list":["post-10419","page","type-page","status-publish","hentry","entry","owp-thumbs-layout-horizontal","owp-btn-normal","owp-tabs-layout-horizontal","has-no-thumbnails","has-product-nav"],"_links":{"self":[{"href":"https:\/\/test.coopop.bike\/pl\/wp-json\/wp\/v2\/pages\/10419","targetHints":{"allow":["GET"]}}],"collection":[{"href":"https:\/\/test.coopop.bike\/pl\/wp-json\/wp\/v2\/pages"}],"about":[{"href":"https:\/\/test.coopop.bike\/pl\/wp-json\/wp\/v2\/types\/page"}],"author":[{"embeddable":true,"href":"https:\/\/test.coopop.bike\/pl\/wp-json\/wp\/v2\/users\/1"}],"replies":[{"embeddable":true,"href":"https:\/\/test.coopop.bike\/pl\/wp-json\/wp\/v2\/comments?post=10419"}],"version-history":[{"count":2,"href":"https:\/\/test.coopop.bike\/pl\/wp-json\/wp\/v2\/pages\/10419\/revisions"}],"predecessor-version":[{"id":10433,"href":"https:\/\/test.coopop.bike\/pl\/wp-json\/wp\/v2\/pages\/10419\/revisions\/10433"}],"wp:attachment":[{"href":"https:\/\/test.coopop.bike\/pl\/wp-json\/wp\/v2\/media?parent=10419"}],"curies":[{"name":"wp","href":"https:\/\/api.w.org\/{rel}","templated":true}]}}