{"id":10467,"date":"2023-06-16T16:22:55","date_gmt":"2023-06-16T14:22:55","guid":{"rendered":"https:\/\/test.coopop.bike\/wskazowki-dotyczace-zakupu\/"},"modified":"2024-10-22T15:00:33","modified_gmt":"2024-10-22T13:00:33","slug":"wskazowki-dotyczace-zakupu","status":"publish","type":"page","link":"https:\/\/test.coopop.bike\/pl\/wskazowki-dotyczace-zakupu\/","title":{"rendered":"Wskaz\u00f3wki dotycz\u0105ce zakupu"},"content":{"rendered":"\t\t<div data-elementor-type=\"wp-page\" data-elementor-id=\"10467\" class=\"elementor elementor-10467 elementor-3448\" data-elementor-post-type=\"page\">\n\t\t\t\t<div class=\"elementor-element elementor-element-07feb4d e-flex e-con-boxed wpr-particle-no wpr-jarallax-no wpr-parallax-no wpr-sticky-section-no e-con e-parent\" data-id=\"07feb4d\" data-element_type=\"container\" data-settings=\"{&quot;background_background&quot;:&quot;classic&quot;}\">\n\t\t\t\t\t<div class=\"e-con-inner\">\n\t\t\t\t<div class=\"elementor-element elementor-element-767a655 elementor-widget elementor-widget-heading\" data-id=\"767a655\" data-element_type=\"widget\" data-widget_type=\"heading.default\">\n\t\t\t\t<div class=\"elementor-widget-container\">\n\t\t\t\t\t<h2 class=\"elementor-heading-title elementor-size-default\">Zakup hulajnogi elektrycznej: wskaz\u00f3wki i informacje<\/h2>\t\t\t\t<\/div>\n\t\t\t\t<\/div>\n\t\t\t\t\t<\/div>\n\t\t\t\t<\/div>\n\t\t<div class=\"elementor-element elementor-element-8e1903b e-con-full e-flex wpr-particle-no wpr-jarallax-no wpr-parallax-no wpr-sticky-section-no e-con e-parent\" data-id=\"8e1903b\" data-element_type=\"container\" data-settings=\"{&quot;background_background&quot;:&quot;classic&quot;}\">\n\t\t\t\t<div class=\"elementor-element elementor-element-67019c3 elementor-widget elementor-widget-text-editor\" data-id=\"67019c3\" data-element_type=\"widget\" data-widget_type=\"text-editor.default\">\n\t\t\t\t<div class=\"elementor-widget-container\">\n\t\t\t\t\t\t\t\t\t<p><em><strong>Hulajnogi elektryczne s\u0105 nie tylko przyjazne dla \u015brodowiska, ale tak\u017ce stanowi\u0105 op\u0142acaln\u0105 alternatyw\u0119 dla konwencjonalnych \u015brodk\u00f3w transportu. Je\u015bli chcesz kupi\u0107 hulajnog\u0119 elektryczn\u0105 i jednocze\u015bnie zaoszcz\u0119dzi\u0107 pieni\u0105dze, to dobrze trafi\u0142e\u015b! W tym artykule znajdziesz wszystkie istotne informacje i cenne wskaz\u00f3wki, jak uzyska\u0107 najlepsz\u0105 ofert\u0119 na hulajnog\u0119 elektryczn\u0105.  <\/strong><\/em><\/p>\n<p>Przed zakupem:<\/p>\n<ol>\n<li>Por\u00f3wnanie: Przed zakupem hulajnogi elektrycznej wa\u017cne jest, aby przeprowadzi\u0107 odpowiednie badania i por\u00f3wna\u0107 ze sob\u0105 r\u00f3\u017cne modele. Nale\u017cy zwr\u00f3ci\u0107 uwag\u0119 na kryteria takie jak zasi\u0119g, czas \u0142adowania, pr\u0119dko\u015b\u0107 maksymalna, jako\u015b\u0107 i cena. Recenzje online i opinie ekspert\u00f3w mog\u0105 pom\u00f3c w podj\u0119ciu decyzji.  <\/li>\n<li>Wsparcie finansowe: Dowiedz si\u0119 o mo\u017cliwych opcjach wsparcia finansowego na zakup skutera elektrycznego. Wiele kraj\u00f3w i region\u00f3w oferuje programy wsparcia lub dotacje u\u0142atwiaj\u0105ce przej\u015bcie na pojazdy przyjazne dla \u015brodowiska. Zapoznaj si\u0119 z lokalnymi programami rz\u0105dowymi lub skontaktuj si\u0119 z firmami energetycznymi i gminami, aby dowiedzie\u0107 si\u0119, czy mo\u017cesz skorzysta\u0107 z takiego wsparcia.    <a href=\"https:\/\/test.coopop.bike\/blog\/foerderungen\/\">Wi\u0119cej informacji mo\u017cna znale\u017a\u0107 tutaj.<\/a><\/li>\n<li>Zakup z drugiej r\u0119ki: Je\u015bli chcesz zaoszcz\u0119dzi\u0107 pieni\u0105dze, mo\u017cesz r\u00f3wnie\u017c rozwa\u017cy\u0107 zakup u\u017cywanej hulajnogi elektrycznej. Mo\u017cesz znale\u017a\u0107 modele w dobrym stanie po obni\u017conej cenie za po\u015brednictwem platform internetowych lub lokalnych rynk\u00f3w reklamowych. Pami\u0119taj, aby sprawdzi\u0107 stan hulajnogi i zapyta\u0107 sprzedawc\u0119 o \u017cywotno\u015b\u0107 baterii i histori\u0119 konserwacji.  <\/li>\n<li>Konserwacja i naprawy: Nie zapomnij uwzgl\u0119dni\u0107 koszt\u00f3w konserwacji i napraw w swoich obliczeniach. Upewnij si\u0119, \u017ce dostawca hulajnogi elektrycznej ma dobr\u0105 reputacj\u0119 pod wzgl\u0119dem niezawodno\u015bci i obs\u0142ugi klienta. Modele wysokiej jako\u015bci zwykle wymagaj\u0105 mniej konserwacji i maj\u0105 d\u0142u\u017csze okresy gwarancji, co mo\u017ce zaoszcz\u0119dzi\u0107 pieni\u0105dze w d\u0142u\u017cszej perspektywie.  <\/li>\n<li>Ubezpieczenie i podatki: Nie zapomnij uwzgl\u0119dni\u0107 koszt\u00f3w ubezpieczenia i podatk\u00f3w w planowaniu bud\u017cetu. Chocia\u017c skutery elektryczne s\u0105 zwolnione z podatku drogowego, ubezpieczenie od odpowiedzialno\u015bci cywilnej jest obowi\u0105zkowe do u\u017cytku na drogach publicznych. Por\u00f3wnaj stawki ubezpieczeniowe r\u00f3\u017cnych dostawc\u00f3w, aby znale\u017a\u0107 najlepsz\u0105 opcj\u0119 dla siebie.  <\/li>\n<li>Akcesoria i dodatki: Pomy\u015bl r\u00f3wnie\u017c o kosztach akcesori\u00f3w i dodatk\u00f3w, takich jak kaski, blokady bezpiecze\u0144stwa, ochrona przed deszczem lub dodatkowe baterie. Te dodatkowe wydatki powinny zosta\u0107 uwzgl\u0119dnione w bud\u017cecie.\n<p>Tak wi\u0119c: zakup hulajnogi elektrycznej nie musi by\u0107 drogi. Dzi\u0119ki dok\u0142adnym badaniom i por\u00f3wnaniu r\u00f3\u017cnych modeli. <\/p>\n<p><strong>Za jedyne 2 490 euro mo\u017cna naby\u0107 Coop Rugged GS i cieszy\u0107 si\u0119 wieloma korzy\u015bciami:<\/strong><\/p>\n<\/li>\n<\/ol>\n<ol>\n<li>Szybka i zwinna lokomocja: Nasze modele charakteryzuj\u0105 si\u0119 wyj\u0105tkow\u0105 zwrotno\u015bci\u0105 i szybkim przyspieszeniem. Dzi\u0119ki niskiej wadze pojazdu wynosz\u0105cej zaledwie 40 kilogram\u00f3w, wysokiej jako\u015bci akumulatorom renomowanych producent\u00f3w, takich jak LG i 1200-watowemu silnikowi w pia\u015bcie, hulajnogi elektryczne Coopop oferuj\u0105 imponuj\u0105ce osi\u0105gi. Dzi\u0119ki temu mo\u017cna dotrze\u0107 do celu szybciej i bez wi\u0119kszego stresu ni\u017c rowerem, komunikacj\u0105 miejsk\u0105 czy samochodem.  <\/li>\n<li>Wystarczaj\u0105cy zasi\u0119g: Do 50 kilometr\u00f3w na jednym \u0142adowaniu pozwala spokojnie zaplanowa\u0107 kolejn\u0105 wycieczk\u0119. Je\u015bli zabraknie energii, skuter mo\u017cna na\u0142adowa\u0107 w dowolnym miejscu, korzystaj\u0105c z konwencjonalnego gniazda 230 V z uziemieniem. <\/li>\n<li>Op\u0142acalna alternatywa dla transportu publicznego: W oparciu o aktualne ceny energii, koszt na\u0142adowania akumulatora wynosi mniej ni\u017c 50 cent\u00f3w. Jest to znacznie ta\u0144sze ni\u017c wi\u0119kszo\u015b\u0107 \u015brodk\u00f3w transportu publicznego i pozwala podr\u00f3\u017cowa\u0107 w spos\u00f3b ekonomiczny i przyjazny dla \u015brodowiska. <\/li>\n<li>Wygodny proces zakupu online: W Coopop mo\u017cesz kupi\u0107 hulajnog\u0119 elektryczn\u0105 w zaciszu w\u0142asnego domu. Ca\u0142y proces odbywa si\u0119 online, od wyboru modelu po z\u0142o\u017cenie zam\u00f3wienia. Je\u015bli nadal nie masz pewno\u015bci, czy hulajnoga elektryczna jest dla Ciebie odpowiednia, mo\u017cesz um\u00f3wi\u0107 si\u0119 na jazd\u0119 pr\u00f3bn\u0105 przed podj\u0119ciem ostatecznej decyzji. Dostawa odbywa si\u0119 bezpo\u015brednio pod drzwi, wi\u0119c nie musisz martwi\u0107 si\u0119 o transport.   <\/li>\n<li>Elastyczny model p\u0142atno\u015bci: Je\u015bli wolisz opcj\u0119 p\u0142atno\u015bci miesi\u0119cznej, mo\u017cesz dokona\u0107 zakupu na raty w Coop za po\u015brednictwem PayPal. Pozwala to ju\u017c teraz cieszy\u0107 si\u0119 zaletami hulajnogi elektrycznej Coop. <\/li>\n<\/ol>\n\t\t\t\t\t\t\t\t<\/div>\n\t\t\t\t<\/div>\n\t\t\t\t<div class=\"elementor-element elementor-element-b5fa542 elementor-widget elementor-widget-heading\" data-id=\"b5fa542\" data-element_type=\"widget\" data-widget_type=\"heading.default\">\n\t\t\t\t<div class=\"elementor-widget-container\">\n\t\t\t\t\t<h2 class=\"elementor-heading-title elementor-size-default\"><a href=\"https:\/\/test.coopop.bike\/shop\/rugged-gs\/\">Kliknij tutaj, aby zobaczy\u0107 Coop Rugged GS.<\/a><\/h2>\t\t\t\t<\/div>\n\t\t\t\t<\/div>\n\t\t\t\t<\/div>\n\t\t\t\t<\/div>\n\t\t","protected":false},"excerpt":{"rendered":"<p>Zakup hulajnogi elektrycznej: wskaz\u00f3wki i informacje Hulajnogi elektryczne s\u0105 nie tylko przyjazne dla \u015brodowiska, ale tak\u017ce stanowi\u0105 op\u0142acaln\u0105 alternatyw\u0119 dla konwencjonalnych \u015brodk\u00f3w transportu. Je\u015bli chcesz kupi\u0107 hulajnog\u0119 elektryczn\u0105 i jednocze\u015bnie zaoszcz\u0119dzi\u0107 pieni\u0105dze, to dobrze trafi\u0142e\u015b! W tym artykule znajdziesz wszystkie istotne informacje i cenne wskaz\u00f3wki, jak uzyska\u0107 najlepsz\u0105 ofert\u0119 na hulajnog\u0119 elektryczn\u0105. Przed zakupem: Por\u00f3wnanie: Przed zakupem hulajnogi elektrycznej wa\u017cne jest, aby przeprowadzi\u0107 odpowiednie badania i por\u00f3wna\u0107 ze sob\u0105 r\u00f3\u017cne modele. Nale\u017cy zwr\u00f3ci\u0107 uwag\u0119 na kryteria takie jak zasi\u0119g, czas \u0142adowania, pr\u0119dko\u015b\u0107 maksymalna, jako\u015b\u0107 i cena. Recenzje online i opinie ekspert\u00f3w mog\u0105 pom\u00f3c w podj\u0119ciu decyzji. Wsparcie finansowe: Dowiedz si\u0119 o mo\u017cliwych opcjach wsparcia finansowego na zakup skutera elektrycznego. Wiele kraj\u00f3w i region\u00f3w oferuje programy wsparcia lub dotacje u\u0142atwiaj\u0105ce przej\u015bcie na pojazdy przyjazne dla \u015brodowiska. Zapoznaj si\u0119 z lokalnymi programami rz\u0105dowymi lub skontaktuj si\u0119 z firmami energetycznymi i gminami, aby dowiedzie\u0107 si\u0119, czy mo\u017cesz skorzysta\u0107 z takiego wsparcia. Wi\u0119cej informacji mo\u017cna znale\u017a\u0107 tutaj. Zakup z drugiej r\u0119ki: Je\u015bli chcesz zaoszcz\u0119dzi\u0107 pieni\u0105dze, mo\u017cesz r\u00f3wnie\u017c rozwa\u017cy\u0107 zakup u\u017cywanej hulajnogi elektrycznej. Mo\u017cesz znale\u017a\u0107 modele w dobrym stanie po obni\u017conej cenie za po\u015brednictwem platform internetowych lub lokalnych rynk\u00f3w reklamowych. Pami\u0119taj, aby sprawdzi\u0107 stan hulajnogi i zapyta\u0107 sprzedawc\u0119 o \u017cywotno\u015b\u0107 baterii i histori\u0119 konserwacji. Konserwacja i naprawy: Nie zapomnij uwzgl\u0119dni\u0107 koszt\u00f3w konserwacji i napraw w swoich obliczeniach. Upewnij si\u0119, \u017ce dostawca hulajnogi elektrycznej ma dobr\u0105 reputacj\u0119 pod wzgl\u0119dem niezawodno\u015bci i obs\u0142ugi klienta. Modele wysokiej jako\u015bci zwykle wymagaj\u0105 mniej konserwacji i maj\u0105 d\u0142u\u017csze okresy gwarancji, co mo\u017ce zaoszcz\u0119dzi\u0107 pieni\u0105dze w d\u0142u\u017cszej perspektywie. Ubezpieczenie i podatki: Nie zapomnij uwzgl\u0119dni\u0107 koszt\u00f3w ubezpieczenia i podatk\u00f3w w planowaniu bud\u017cetu. Chocia\u017c skutery elektryczne s\u0105 zwolnione z podatku drogowego, ubezpieczenie od odpowiedzialno\u015bci cywilnej jest obowi\u0105zkowe do u\u017cytku na drogach publicznych. Por\u00f3wnaj stawki ubezpieczeniowe r\u00f3\u017cnych dostawc\u00f3w, aby znale\u017a\u0107 najlepsz\u0105 opcj\u0119 dla siebie. Akcesoria i dodatki: Pomy\u015bl r\u00f3wnie\u017c o kosztach akcesori\u00f3w i dodatk\u00f3w, takich jak kaski, blokady bezpiecze\u0144stwa, ochrona przed deszczem lub dodatkowe baterie. Te dodatkowe wydatki powinny zosta\u0107 uwzgl\u0119dnione w bud\u017cecie. Tak wi\u0119c: zakup hulajnogi elektrycznej nie musi by\u0107 drogi. Dzi\u0119ki dok\u0142adnym badaniom i por\u00f3wnaniu r\u00f3\u017cnych modeli. Za jedyne 2 490 euro mo\u017cna naby\u0107 Coop Rugged GS i cieszy\u0107 si\u0119 wieloma korzy\u015bciami: Szybka i zwinna lokomocja: Nasze modele charakteryzuj\u0105 si\u0119 wyj\u0105tkow\u0105 zwrotno\u015bci\u0105 i szybkim przyspieszeniem. Dzi\u0119ki niskiej wadze pojazdu wynosz\u0105cej zaledwie 40 kilogram\u00f3w, wysokiej jako\u015bci akumulatorom renomowanych producent\u00f3w, takich jak LG i 1200-watowemu silnikowi w pia\u015bcie, hulajnogi elektryczne Coopop oferuj\u0105 imponuj\u0105ce osi\u0105gi. Dzi\u0119ki temu mo\u017cna dotrze\u0107 do celu szybciej i bez wi\u0119kszego stresu ni\u017c rowerem, komunikacj\u0105 miejsk\u0105 czy samochodem. Wystarczaj\u0105cy zasi\u0119g: Do 50 kilometr\u00f3w na jednym \u0142adowaniu pozwala spokojnie zaplanowa\u0107 kolejn\u0105 wycieczk\u0119. Je\u015bli zabraknie energii, skuter mo\u017cna na\u0142adowa\u0107 w dowolnym miejscu, korzystaj\u0105c z konwencjonalnego gniazda 230 V z uziemieniem. Op\u0142acalna alternatywa dla transportu publicznego: W oparciu o aktualne ceny energii, koszt na\u0142adowania akumulatora wynosi mniej ni\u017c 50 cent\u00f3w. Jest to znacznie ta\u0144sze ni\u017c wi\u0119kszo\u015b\u0107 \u015brodk\u00f3w transportu publicznego i pozwala podr\u00f3\u017cowa\u0107 w spos\u00f3b ekonomiczny i przyjazny dla \u015brodowiska. Wygodny proces zakupu online: W Coopop mo\u017cesz kupi\u0107 hulajnog\u0119 elektryczn\u0105 w zaciszu w\u0142asnego domu. Ca\u0142y proces odbywa si\u0119 online, od wyboru modelu po z\u0142o\u017cenie zam\u00f3wienia. Je\u015bli nadal nie masz pewno\u015bci, czy hulajnoga elektryczna jest dla Ciebie odpowiednia, mo\u017cesz um\u00f3wi\u0107 si\u0119 na jazd\u0119 pr\u00f3bn\u0105 przed podj\u0119ciem ostatecznej decyzji. Dostawa odbywa si\u0119 bezpo\u015brednio pod drzwi, wi\u0119c nie musisz martwi\u0107 si\u0119 o transport. Elastyczny model p\u0142atno\u015bci: Je\u015bli wolisz opcj\u0119 p\u0142atno\u015bci miesi\u0119cznej, mo\u017cesz dokona\u0107 zakupu na raty w Coop za po\u015brednictwem PayPal. Pozwala to ju\u017c teraz cieszy\u0107 si\u0119 zaletami hulajnogi elektrycznej Coop. Kliknij tutaj, aby zobaczy\u0107 Coop Rugged GS.<\/p>\n","protected":false},"author":1,"featured_media":0,"parent":0,"menu_order":0,"comment_status":"closed","ping_status":"closed","template":"elementor_header_footer","meta":{"ocean_post_layout":"","ocean_both_sidebars_style":"","ocean_both_sidebars_content_width":0,"ocean_both_sidebars_sidebars_width":0,"ocean_sidebar":"","ocean_second_sidebar":"","ocean_disable_margins":"enable","ocean_add_body_class":"","ocean_shortcode_before_top_bar":"","ocean_shortcode_after_top_bar":"","ocean_shortcode_before_header":"","ocean_shortcode_after_header":"","ocean_has_shortcode":"","ocean_shortcode_after_title":"","ocean_shortcode_before_footer_widgets":"","ocean_shortcode_after_footer_widgets":"","ocean_shortcode_before_footer_bottom":"","ocean_shortcode_after_footer_bottom":"","ocean_display_top_bar":"default","ocean_display_header":"default","ocean_header_style":"","ocean_center_header_left_menu":"","ocean_custom_header_template":"","ocean_custom_logo":0,"ocean_custom_retina_logo":0,"ocean_custom_logo_max_width":0,"ocean_custom_logo_tablet_max_width":0,"ocean_custom_logo_mobile_max_width":0,"ocean_custom_logo_max_height":0,"ocean_custom_logo_tablet_max_height":0,"ocean_custom_logo_mobile_max_height":0,"ocean_header_custom_menu":"","ocean_menu_typo_font_family":"","ocean_menu_typo_font_subset":"","ocean_menu_typo_font_size":0,"ocean_menu_typo_font_size_tablet":0,"ocean_menu_typo_font_size_mobile":0,"ocean_menu_typo_font_size_unit":"px","ocean_menu_typo_font_weight":"","ocean_menu_typo_font_weight_tablet":"","ocean_menu_typo_font_weight_mobile":"","ocean_menu_typo_transform":"","ocean_menu_typo_transform_tablet":"","ocean_menu_typo_transform_mobile":"","ocean_menu_typo_line_height":0,"ocean_menu_typo_line_height_tablet":0,"ocean_menu_typo_line_height_mobile":0,"ocean_menu_typo_line_height_unit":"","ocean_menu_typo_spacing":0,"ocean_menu_typo_spacing_tablet":0,"ocean_menu_typo_spacing_mobile":0,"ocean_menu_typo_spacing_unit":"","ocean_menu_link_color":"","ocean_menu_link_color_hover":"","ocean_menu_link_color_active":"","ocean_menu_link_background":"","ocean_menu_link_hover_background":"","ocean_menu_link_active_background":"","ocean_menu_social_links_bg":"","ocean_menu_social_hover_links_bg":"","ocean_menu_social_links_color":"","ocean_menu_social_hover_links_color":"","ocean_disable_title":"default","ocean_disable_heading":"default","ocean_post_title":"","ocean_post_subheading":"","ocean_post_title_style":"","ocean_post_title_background_color":"","ocean_post_title_background":0,"ocean_post_title_bg_image_position":"","ocean_post_title_bg_image_attachment":"","ocean_post_title_bg_image_repeat":"","ocean_post_title_bg_image_size":"","ocean_post_title_height":0,"ocean_post_title_bg_overlay":0.5,"ocean_post_title_bg_overlay_color":"","ocean_disable_breadcrumbs":"default","ocean_breadcrumbs_color":"","ocean_breadcrumbs_separator_color":"","ocean_breadcrumbs_links_color":"","ocean_breadcrumbs_links_hover_color":"","ocean_display_footer_widgets":"default","ocean_display_footer_bottom":"default","ocean_custom_footer_template":"","footnotes":""},"class_list":["post-10467","page","type-page","status-publish","hentry","entry","owp-thumbs-layout-horizontal","owp-btn-normal","owp-tabs-layout-horizontal","has-no-thumbnails","has-product-nav"],"_links":{"self":[{"href":"https:\/\/test.coopop.bike\/pl\/wp-json\/wp\/v2\/pages\/10467","targetHints":{"allow":["GET"]}}],"collection":[{"href":"https:\/\/test.coopop.bike\/pl\/wp-json\/wp\/v2\/pages"}],"about":[{"href":"https:\/\/test.coopop.bike\/pl\/wp-json\/wp\/v2\/types\/page"}],"author":[{"embeddable":true,"href":"https:\/\/test.coopop.bike\/pl\/wp-json\/wp\/v2\/users\/1"}],"replies":[{"embeddable":true,"href":"https:\/\/test.coopop.bike\/pl\/wp-json\/wp\/v2\/comments?post=10467"}],"version-history":[{"count":3,"href":"https:\/\/test.coopop.bike\/pl\/wp-json\/wp\/v2\/pages\/10467\/revisions"}],"predecessor-version":[{"id":10475,"href":"https:\/\/test.coopop.bike\/pl\/wp-json\/wp\/v2\/pages\/10467\/revisions\/10475"}],"wp:attachment":[{"href":"https:\/\/test.coopop.bike\/pl\/wp-json\/wp\/v2\/media?parent=10467"}],"curies":[{"name":"wp","href":"https:\/\/api.w.org\/{rel}","templated":true}]}}