{"id":10459,"date":"2023-06-16T16:22:55","date_gmt":"2023-06-16T14:22:55","guid":{"rendered":"https:\/\/test.coopop.bike\/dicas-de-compra\/"},"modified":"2024-10-22T15:00:33","modified_gmt":"2024-10-22T13:00:33","slug":"dicas-de-compra","status":"publish","type":"page","link":"https:\/\/test.coopop.bike\/pt-pt\/dicas-de-compra\/","title":{"rendered":"Dicas de compra"},"content":{"rendered":"\t\t<div data-elementor-type=\"wp-page\" data-elementor-id=\"10459\" class=\"elementor elementor-10459 elementor-3448\" data-elementor-post-type=\"page\">\n\t\t\t\t<div class=\"elementor-element elementor-element-07feb4d e-flex e-con-boxed wpr-particle-no wpr-jarallax-no wpr-parallax-no wpr-sticky-section-no e-con e-parent\" data-id=\"07feb4d\" data-element_type=\"container\" data-settings=\"{&quot;background_background&quot;:&quot;classic&quot;}\">\n\t\t\t\t\t<div class=\"e-con-inner\">\n\t\t\t\t<div class=\"elementor-element elementor-element-767a655 elementor-widget elementor-widget-heading\" data-id=\"767a655\" data-element_type=\"widget\" data-widget_type=\"heading.default\">\n\t\t\t\t<div class=\"elementor-widget-container\">\n\t\t\t\t\t<h2 class=\"elementor-heading-title elementor-size-default\">Comprar uma trotinete el\u00e9ctrica: dicas e informa\u00e7\u00f5es<\/h2>\t\t\t\t<\/div>\n\t\t\t\t<\/div>\n\t\t\t\t\t<\/div>\n\t\t\t\t<\/div>\n\t\t<div class=\"elementor-element elementor-element-8e1903b e-con-full e-flex wpr-particle-no wpr-jarallax-no wpr-parallax-no wpr-sticky-section-no e-con e-parent\" data-id=\"8e1903b\" data-element_type=\"container\" data-settings=\"{&quot;background_background&quot;:&quot;classic&quot;}\">\n\t\t\t\t<div class=\"elementor-element elementor-element-67019c3 elementor-widget elementor-widget-text-editor\" data-id=\"67019c3\" data-element_type=\"widget\" data-widget_type=\"text-editor.default\">\n\t\t\t\t<div class=\"elementor-widget-container\">\n\t\t\t\t\t\t\t\t\t<p><em><strong>As trotinetes el\u00e9ctricas n\u00e3o s\u00e3o apenas amigas do ambiente, mas tamb\u00e9m uma alternativa econ\u00f3mica aos meios de transporte convencionais. Se queres comprar uma trotinete el\u00e9ctrica e, ao mesmo tempo, poupar dinheiro, vieste ao s\u00edtio certo! Neste artigo, encontrar\u00e1s toda a informa\u00e7\u00e3o relevante e dicas valiosas sobre como conseguir o melhor neg\u00f3cio para a tua trotinete el\u00e9ctrica.  <\/strong><\/em><\/p>\n<p>Antes de comprares:<\/p>\n<ol>\n<li>Compara\u00e7\u00e3o: Antes de comprares uma trotinete el\u00e9ctrica, \u00e9 importante fazeres uma pesquisa suficiente e comparares os diferentes modelos entre si. Presta aten\u00e7\u00e3o a crit\u00e9rios como a autonomia, o tempo de carregamento, a velocidade m\u00e1xima, a qualidade e o pre\u00e7o. As avalia\u00e7\u00f5es online e as opini\u00f5es de especialistas podem ajudar-te a tomar a tua decis\u00e3o.  <\/li>\n<li>Apoio financeiro: Informa-te sobre as poss\u00edveis op\u00e7\u00f5es de apoio financeiro para a compra de uma trotinete el\u00e9ctrica. Muitos pa\u00edses e regi\u00f5es oferecem programas de apoio ou subs\u00eddios para facilitar a mudan\u00e7a para ve\u00edculos amigos do ambiente. Pesquisa os programas do governo local ou contacta as empresas de energia e os munic\u00edpios para saberes se podes beneficiar de tal apoio.    <a href=\"https:\/\/test.coopop.bike\/blog\/foerderungen\/\">Podes saber mais aqui.<\/a><\/li>\n<li>Comprar em segunda m\u00e3o: Se quiseres poupar dinheiro, podes tamb\u00e9m considerar comprar uma trotinete el\u00e9ctrica em segunda m\u00e3o. Podes encontrar modelos em bom estado a um pre\u00e7o reduzido em plataformas online ou em mercados publicit\u00e1rios locais. Certifica-te de que verificas o estado da trotinete e pergunta ao vendedor sobre a dura\u00e7\u00e3o da bateria e o historial de manuten\u00e7\u00e3o.  <\/li>\n<li>Manuten\u00e7\u00e3o e repara\u00e7\u00e3o: N\u00e3o te esque\u00e7as de incluir nos teus c\u00e1lculos os custos de manuten\u00e7\u00e3o e repara\u00e7\u00e3o. Certifica-te de que o fornecedor da tua trotinete el\u00e9ctrica tem uma boa reputa\u00e7\u00e3o em termos de fiabilidade e de servi\u00e7o ao cliente. Os modelos de alta qualidade requerem normalmente menos manuten\u00e7\u00e3o e t\u00eam per\u00edodos de garantia mais longos, o que te pode fazer poupar dinheiro a longo prazo.  <\/li>\n<li>Seguro e impostos: N\u00e3o te esque\u00e7as de incluir os custos do seguro e eventuais impostos no teu planeamento or\u00e7amental. Embora as trotinetes el\u00e9ctricas estejam isentas de imposto de circula\u00e7\u00e3o, o seguro de responsabilidade civil \u00e9 obrigat\u00f3rio para a utiliza\u00e7\u00e3o na via p\u00fablica. Compara as taxas de seguro de diferentes fornecedores para encontrares a melhor op\u00e7\u00e3o para ti.  <\/li>\n<li>Acess\u00f3rios e extras: Pensa tamb\u00e9m no custo dos acess\u00f3rios e extras, como capacetes, fechos de seguran\u00e7a, prote\u00e7\u00e3o contra a chuva ou baterias adicionais. Estas despesas adicionais devem ser tidas em conta no teu or\u00e7amento.\n<p>Portanto: comprar uma trotinete el\u00e9ctrica n\u00e3o tem de ser caro. Com uma pesquisa minuciosa e uma compara\u00e7\u00e3o de diferentes modelos. <\/p>\n<p><strong>Por apenas 2.490 euros, podes adquirir o nosso Coop Rugged GS e desfrutar de muitas vantagens:<\/strong><\/p>\n<\/li>\n<\/ol>\n<ol>\n<li>Locomo\u00e7\u00e3o r\u00e1pida e \u00e1gil: Os nossos modelos caracterizam-se por uma manobrabilidade excecional e uma acelera\u00e7\u00e3o r\u00e1pida. Gra\u00e7as ao baixo peso do ve\u00edculo de apenas 40 quilogramas, \u00e0s baterias de alta qualidade de fabricantes de renome como a LG e ao motor de cubo de 1200 watts, as trotinetes el\u00e9ctricas Coopop oferecem um desempenho impressionante. Assim, podes normalmente chegar ao teu destino mais rapidamente e com menos stress do que de bicicleta, transportes p\u00fablicos ou carro.  <\/li>\n<li>Autonomia suficiente: Com at\u00e9 50 quil\u00f3metros com um \u00fanico carregamento, podes planear a tua pr\u00f3xima viagem com toda a tranquilidade. Se ficares sem energia, podes recarregar a scooter em qualquer lugar, numa tomada convencional de 230 V com liga\u00e7\u00e3o \u00e0 terra. <\/li>\n<li>Alternativa econ\u00f3mica aos transportes p\u00fablicos: Com base nos pre\u00e7os actuais da energia, o custo de uma carga de bateria \u00e9 inferior a 50 c\u00eantimos. Isto \u00e9 significativamente mais barato do que a maioria das formas de transporte p\u00fablico e permite-te viajar de uma forma econ\u00f3mica e amiga do ambiente. <\/li>\n<li>Processo de compra online c\u00f3modo: Na Coopop, podes comprar a tua trotinete el\u00e9ctrica no conforto da tua casa. Todo o processo \u00e9 feito online, desde a sele\u00e7\u00e3o do modelo at\u00e9 \u00e0 encomenda. Se ainda n\u00e3o tiveres a certeza de que a trotinete el\u00e9ctrica \u00e9 a ideal para ti, tens a possibilidade de marcar um test drive antes de tomares uma decis\u00e3o final. A entrega \u00e9 feita diretamente \u00e0 porta da tua casa, pelo que n\u00e3o tens de te preocupar com o transporte.   <\/li>\n<li>Modelo de pagamento flex\u00edvel: Se preferires uma op\u00e7\u00e3o de pagamento mensal, podes fazer uma compra a presta\u00e7\u00f5es com a Coop atrav\u00e9s do PayPal. Isto permite-te usufruir das vantagens de uma trotinete el\u00e9ctrica Coop desde j\u00e1. <\/li>\n<\/ol>\n\t\t\t\t\t\t\t\t<\/div>\n\t\t\t\t<\/div>\n\t\t\t\t<div class=\"elementor-element elementor-element-b5fa542 elementor-widget elementor-widget-heading\" data-id=\"b5fa542\" data-element_type=\"widget\" data-widget_type=\"heading.default\">\n\t\t\t\t<div class=\"elementor-widget-container\">\n\t\t\t\t\t<h2 class=\"elementor-heading-title elementor-size-default\"><a href=\"https:\/\/test.coopop.bike\/shop\/rugged-gs\/\">Clica aqui para veres o Coop Rugged GS.<\/a><\/h2>\t\t\t\t<\/div>\n\t\t\t\t<\/div>\n\t\t\t\t<\/div>\n\t\t\t\t<\/div>\n\t\t","protected":false},"excerpt":{"rendered":"<p>Comprar uma trotinete el\u00e9ctrica: dicas e informa\u00e7\u00f5es As trotinetes el\u00e9ctricas n\u00e3o s\u00e3o apenas amigas do ambiente, mas tamb\u00e9m uma alternativa econ\u00f3mica aos meios de transporte convencionais. Se queres comprar uma trotinete el\u00e9ctrica e, ao mesmo tempo, poupar dinheiro, vieste ao s\u00edtio certo! Neste artigo, encontrar\u00e1s toda a informa\u00e7\u00e3o relevante e dicas valiosas sobre como conseguir o melhor neg\u00f3cio para a tua trotinete el\u00e9ctrica. Antes de comprares: Compara\u00e7\u00e3o: Antes de comprares uma trotinete el\u00e9ctrica, \u00e9 importante fazeres uma pesquisa suficiente e comparares os diferentes modelos entre si. Presta aten\u00e7\u00e3o a crit\u00e9rios como a autonomia, o tempo de carregamento, a velocidade m\u00e1xima, a qualidade e o pre\u00e7o. As avalia\u00e7\u00f5es online e as opini\u00f5es de especialistas podem ajudar-te a tomar a tua decis\u00e3o. Apoio financeiro: Informa-te sobre as poss\u00edveis op\u00e7\u00f5es de apoio financeiro para a compra de uma trotinete el\u00e9ctrica. Muitos pa\u00edses e regi\u00f5es oferecem programas de apoio ou subs\u00eddios para facilitar a mudan\u00e7a para ve\u00edculos amigos do ambiente. Pesquisa os programas do governo local ou contacta as empresas de energia e os munic\u00edpios para saberes se podes beneficiar de tal apoio. Podes saber mais aqui. Comprar em segunda m\u00e3o: Se quiseres poupar dinheiro, podes tamb\u00e9m considerar comprar uma trotinete el\u00e9ctrica em segunda m\u00e3o. Podes encontrar modelos em bom estado a um pre\u00e7o reduzido em plataformas online ou em mercados publicit\u00e1rios locais. Certifica-te de que verificas o estado da trotinete e pergunta ao vendedor sobre a dura\u00e7\u00e3o da bateria e o historial de manuten\u00e7\u00e3o. Manuten\u00e7\u00e3o e repara\u00e7\u00e3o: N\u00e3o te esque\u00e7as de incluir nos teus c\u00e1lculos os custos de manuten\u00e7\u00e3o e repara\u00e7\u00e3o. Certifica-te de que o fornecedor da tua trotinete el\u00e9ctrica tem uma boa reputa\u00e7\u00e3o em termos de fiabilidade e de servi\u00e7o ao cliente. Os modelos de alta qualidade requerem normalmente menos manuten\u00e7\u00e3o e t\u00eam per\u00edodos de garantia mais longos, o que te pode fazer poupar dinheiro a longo prazo. Seguro e impostos: N\u00e3o te esque\u00e7as de incluir os custos do seguro e eventuais impostos no teu planeamento or\u00e7amental. Embora as trotinetes el\u00e9ctricas estejam isentas de imposto de circula\u00e7\u00e3o, o seguro de responsabilidade civil \u00e9 obrigat\u00f3rio para a utiliza\u00e7\u00e3o na via p\u00fablica. Compara as taxas de seguro de diferentes fornecedores para encontrares a melhor op\u00e7\u00e3o para ti. Acess\u00f3rios e extras: Pensa tamb\u00e9m no custo dos acess\u00f3rios e extras, como capacetes, fechos de seguran\u00e7a, prote\u00e7\u00e3o contra a chuva ou baterias adicionais. Estas despesas adicionais devem ser tidas em conta no teu or\u00e7amento. Portanto: comprar uma trotinete el\u00e9ctrica n\u00e3o tem de ser caro. Com uma pesquisa minuciosa e uma compara\u00e7\u00e3o de diferentes modelos. Por apenas 2.490 euros, podes adquirir o nosso Coop Rugged GS e desfrutar de muitas vantagens: Locomo\u00e7\u00e3o r\u00e1pida e \u00e1gil: Os nossos modelos caracterizam-se por uma manobrabilidade excecional e uma acelera\u00e7\u00e3o r\u00e1pida. Gra\u00e7as ao baixo peso do ve\u00edculo de apenas 40 quilogramas, \u00e0s baterias de alta qualidade de fabricantes de renome como a LG e ao motor de cubo de 1200 watts, as trotinetes el\u00e9ctricas Coopop oferecem um desempenho impressionante. Assim, podes normalmente chegar ao teu destino mais rapidamente e com menos stress do que de bicicleta, transportes p\u00fablicos ou carro. Autonomia suficiente: Com at\u00e9 50 quil\u00f3metros com um \u00fanico carregamento, podes planear a tua pr\u00f3xima viagem com toda a tranquilidade. Se ficares sem energia, podes recarregar a scooter em qualquer lugar, numa tomada convencional de 230 V com liga\u00e7\u00e3o \u00e0 terra. Alternativa econ\u00f3mica aos transportes p\u00fablicos: Com base nos pre\u00e7os actuais da energia, o custo de uma carga de bateria \u00e9 inferior a 50 c\u00eantimos. Isto \u00e9 significativamente mais barato do que a maioria das formas de transporte p\u00fablico e permite-te viajar de uma forma econ\u00f3mica e amiga do ambiente. Processo de compra online c\u00f3modo: Na Coopop, podes comprar a tua trotinete el\u00e9ctrica no conforto da tua casa. Todo o processo \u00e9 feito online, desde a sele\u00e7\u00e3o do modelo at\u00e9 \u00e0 encomenda. Se ainda n\u00e3o tiveres a certeza de que a trotinete el\u00e9ctrica \u00e9 a ideal para ti, tens a possibilidade de marcar um test drive antes de tomares uma decis\u00e3o final. A entrega \u00e9 feita diretamente \u00e0 porta da tua casa, pelo que n\u00e3o tens de te preocupar com o transporte. Modelo de pagamento flex\u00edvel: Se preferires uma op\u00e7\u00e3o de pagamento mensal, podes fazer uma compra a presta\u00e7\u00f5es com a Coop atrav\u00e9s do PayPal. Isto permite-te usufruir das vantagens de uma trotinete el\u00e9ctrica Coop desde j\u00e1. Clica aqui para veres o Coop Rugged GS.<\/p>\n","protected":false},"author":1,"featured_media":0,"parent":0,"menu_order":0,"comment_status":"closed","ping_status":"closed","template":"elementor_header_footer","meta":{"ocean_post_layout":"","ocean_both_sidebars_style":"","ocean_both_sidebars_content_width":0,"ocean_both_sidebars_sidebars_width":0,"ocean_sidebar":"","ocean_second_sidebar":"","ocean_disable_margins":"enable","ocean_add_body_class":"","ocean_shortcode_before_top_bar":"","ocean_shortcode_after_top_bar":"","ocean_shortcode_before_header":"","ocean_shortcode_after_header":"","ocean_has_shortcode":"","ocean_shortcode_after_title":"","ocean_shortcode_before_footer_widgets":"","ocean_shortcode_after_footer_widgets":"","ocean_shortcode_before_footer_bottom":"","ocean_shortcode_after_footer_bottom":"","ocean_display_top_bar":"default","ocean_display_header":"default","ocean_header_style":"","ocean_center_header_left_menu":"","ocean_custom_header_template":"","ocean_custom_logo":0,"ocean_custom_retina_logo":0,"ocean_custom_logo_max_width":0,"ocean_custom_logo_tablet_max_width":0,"ocean_custom_logo_mobile_max_width":0,"ocean_custom_logo_max_height":0,"ocean_custom_logo_tablet_max_height":0,"ocean_custom_logo_mobile_max_height":0,"ocean_header_custom_menu":"","ocean_menu_typo_font_family":"","ocean_menu_typo_font_subset":"","ocean_menu_typo_font_size":0,"ocean_menu_typo_font_size_tablet":0,"ocean_menu_typo_font_size_mobile":0,"ocean_menu_typo_font_size_unit":"px","ocean_menu_typo_font_weight":"","ocean_menu_typo_font_weight_tablet":"","ocean_menu_typo_font_weight_mobile":"","ocean_menu_typo_transform":"","ocean_menu_typo_transform_tablet":"","ocean_menu_typo_transform_mobile":"","ocean_menu_typo_line_height":0,"ocean_menu_typo_line_height_tablet":0,"ocean_menu_typo_line_height_mobile":0,"ocean_menu_typo_line_height_unit":"","ocean_menu_typo_spacing":0,"ocean_menu_typo_spacing_tablet":0,"ocean_menu_typo_spacing_mobile":0,"ocean_menu_typo_spacing_unit":"","ocean_menu_link_color":"","ocean_menu_link_color_hover":"","ocean_menu_link_color_active":"","ocean_menu_link_background":"","ocean_menu_link_hover_background":"","ocean_menu_link_active_background":"","ocean_menu_social_links_bg":"","ocean_menu_social_hover_links_bg":"","ocean_menu_social_links_color":"","ocean_menu_social_hover_links_color":"","ocean_disable_title":"default","ocean_disable_heading":"default","ocean_post_title":"","ocean_post_subheading":"","ocean_post_title_style":"","ocean_post_title_background_color":"","ocean_post_title_background":0,"ocean_post_title_bg_image_position":"","ocean_post_title_bg_image_attachment":"","ocean_post_title_bg_image_repeat":"","ocean_post_title_bg_image_size":"","ocean_post_title_height":0,"ocean_post_title_bg_overlay":0.5,"ocean_post_title_bg_overlay_color":"","ocean_disable_breadcrumbs":"default","ocean_breadcrumbs_color":"","ocean_breadcrumbs_separator_color":"","ocean_breadcrumbs_links_color":"","ocean_breadcrumbs_links_hover_color":"","ocean_display_footer_widgets":"default","ocean_display_footer_bottom":"default","ocean_custom_footer_template":"","footnotes":""},"class_list":["post-10459","page","type-page","status-publish","hentry","entry","owp-thumbs-layout-horizontal","owp-btn-normal","owp-tabs-layout-horizontal","has-no-thumbnails","has-product-nav"],"_links":{"self":[{"href":"https:\/\/test.coopop.bike\/pt-pt\/wp-json\/wp\/v2\/pages\/10459","targetHints":{"allow":["GET"]}}],"collection":[{"href":"https:\/\/test.coopop.bike\/pt-pt\/wp-json\/wp\/v2\/pages"}],"about":[{"href":"https:\/\/test.coopop.bike\/pt-pt\/wp-json\/wp\/v2\/types\/page"}],"author":[{"embeddable":true,"href":"https:\/\/test.coopop.bike\/pt-pt\/wp-json\/wp\/v2\/users\/1"}],"replies":[{"embeddable":true,"href":"https:\/\/test.coopop.bike\/pt-pt\/wp-json\/wp\/v2\/comments?post=10459"}],"version-history":[{"count":3,"href":"https:\/\/test.coopop.bike\/pt-pt\/wp-json\/wp\/v2\/pages\/10459\/revisions"}],"predecessor-version":[{"id":10469,"href":"https:\/\/test.coopop.bike\/pt-pt\/wp-json\/wp\/v2\/pages\/10459\/revisions\/10469"}],"wp:attachment":[{"href":"https:\/\/test.coopop.bike\/pt-pt\/wp-json\/wp\/v2\/media?parent=10459"}],"curies":[{"name":"wp","href":"https:\/\/api.w.org\/{rel}","templated":true}]}}