{"id":10452,"date":"2023-06-16T16:22:55","date_gmt":"2023-06-16T14:22:55","guid":{"rendered":"https:\/\/test.coopop.bike\/tipy-na-nakup\/"},"modified":"2024-10-22T15:00:33","modified_gmt":"2024-10-22T13:00:33","slug":"tipy-na-nakup","status":"publish","type":"page","link":"https:\/\/test.coopop.bike\/sk\/tipy-na-nakup\/","title":{"rendered":"Tipy na n\u00e1kup"},"content":{"rendered":"\t\t<div data-elementor-type=\"wp-page\" data-elementor-id=\"10452\" class=\"elementor elementor-10452 elementor-3448\" data-elementor-post-type=\"page\">\n\t\t\t\t<div class=\"elementor-element elementor-element-07feb4d e-flex e-con-boxed wpr-particle-no wpr-jarallax-no wpr-parallax-no wpr-sticky-section-no e-con e-parent\" data-id=\"07feb4d\" data-element_type=\"container\" data-settings=\"{&quot;background_background&quot;:&quot;classic&quot;}\">\n\t\t\t\t\t<div class=\"e-con-inner\">\n\t\t\t\t<div class=\"elementor-element elementor-element-767a655 elementor-widget elementor-widget-heading\" data-id=\"767a655\" data-element_type=\"widget\" data-widget_type=\"heading.default\">\n\t\t\t\t<div class=\"elementor-widget-container\">\n\t\t\t\t\t<h2 class=\"elementor-heading-title elementor-size-default\">N\u00e1kup elektrick\u00e9ho sk\u00fatra: tipy a inform\u00e1cie<\/h2>\t\t\t\t<\/div>\n\t\t\t\t<\/div>\n\t\t\t\t\t<\/div>\n\t\t\t\t<\/div>\n\t\t<div class=\"elementor-element elementor-element-8e1903b e-con-full e-flex wpr-particle-no wpr-jarallax-no wpr-parallax-no wpr-sticky-section-no e-con e-parent\" data-id=\"8e1903b\" data-element_type=\"container\" data-settings=\"{&quot;background_background&quot;:&quot;classic&quot;}\">\n\t\t\t\t<div class=\"elementor-element elementor-element-67019c3 elementor-widget elementor-widget-text-editor\" data-id=\"67019c3\" data-element_type=\"widget\" data-widget_type=\"text-editor.default\">\n\t\t\t\t<div class=\"elementor-widget-container\">\n\t\t\t\t\t\t\t\t\t<p><em><strong>Elektrick\u00e9 kolobe\u017eky s\u00fa nielen ekologick\u00e9, ale aj cenovo v\u00fdhodnou alternat\u00edvou k be\u017en\u00fdm dopravn\u00fdm prostriedkom. Ak si chcete k\u00fapi\u0165 elektrick\u00fd sk\u00fater a z\u00e1rove\u0148 u\u0161etri\u0165 peniaze, ste na spr\u00e1vnom mieste! V tomto \u010dl\u00e1nku n\u00e1jdete v\u0161etky d\u00f4le\u017eit\u00e9 inform\u00e1cie a cenn\u00e9 rady, ako z\u00edska\u0165 najlep\u0161iu ponuku na elektrick\u00fd sk\u00fater.  <\/strong><\/em><\/p>\n<p>Pred n\u00e1kupom:<\/p>\n<ol>\n<li>Porovnanie: Pred k\u00fapou elektrick\u00e9ho sk\u00fatra je d\u00f4le\u017eit\u00e9 urobi\u0165 dostato\u010dn\u00fd prieskum a porovna\u0165 r\u00f4zne modely medzi sebou. Venujte pozornos\u0165 krit\u00e9ri\u00e1m, ako je dojazd, \u010das nab\u00edjania, maxim\u00e1lna r\u00fdchlos\u0165, kvalita a cena. Pri rozhodovan\u00ed v\u00e1m m\u00f4\u017eu pom\u00f4c\u0165 online recenzie a n\u00e1zory odborn\u00edkov.  <\/li>\n<li>Finan\u010dn\u00e1 podpora: Informujte sa o mo\u017en\u00fdch mo\u017enostiach finan\u010dnej podpory na n\u00e1kup elektrick\u00e9ho sk\u00fatra. Mnoh\u00e9 krajiny a regi\u00f3ny pon\u00fakaj\u00fa podporn\u00e9 programy alebo granty na u\u013eah\u010denie prechodu na ekologick\u00e9 vozidl\u00e1. Presk\u00famajte programy miestnej samospr\u00e1vy alebo sa obr\u00e1\u0165te na energetick\u00e9 spolo\u010dnosti a obce, aby ste zistili, \u010di m\u00f4\u017eete tak\u00fato podporu vyu\u017ei\u0165.    <a href=\"https:\/\/test.coopop.bike\/blog\/foerderungen\/\">Viac inform\u00e1ci\u00ed n\u00e1jdete tu.<\/a><\/li>\n<li>K\u00fapa z druhej ruky: Ak chcete u\u0161etri\u0165, m\u00f4\u017eete zv\u00e1\u017ei\u0165 aj k\u00fapu elektrick\u00e9ho sk\u00fatra z druhej ruky. Prostredn\u00edctvom online platforiem alebo miestnych inzertn\u00fdch trhov m\u00f4\u017eete n\u00e1js\u0165 modely v dobrom stave za zn\u00ed\u017een\u00fa cenu. Nezabudnite skontrolova\u0165 stav kolobe\u017eky a op\u00fdtajte sa predajcu na \u017eivotnos\u0165 bat\u00e9rie a hist\u00f3riu \u00fadr\u017eby.  <\/li>\n<li>\u00dadr\u017eba a opravy: Nezabudnite do v\u00fdpo\u010dtu zahrn\u00fa\u0165 n\u00e1klady na \u00fadr\u017ebu a opravy. Uistite sa, \u017ee poskytovate\u013e v\u00e1\u0161ho elektrick\u00e9ho sk\u00fatra m\u00e1 dobr\u00fa poves\u0165, pokia\u013e ide o spo\u013eahlivos\u0165 a z\u00e1kazn\u00edcky servis. Kvalitn\u00e9 modely zvy\u010dajne vy\u017eaduj\u00fa menej \u00fadr\u017eby a maj\u00fa dlh\u0161ie z\u00e1ru\u010dn\u00e9 lehoty, \u010do v\u00e1m m\u00f4\u017ee z dlhodob\u00e9ho h\u013eadiska u\u0161etri\u0165 peniaze.  <\/li>\n<li>Poistenie a dane: Nezabudnite do pl\u00e1novania rozpo\u010dtu zahrn\u00fa\u0165 n\u00e1klady na poistenie a pr\u00edpadn\u00e9 dane. Hoci s\u00fa elektrick\u00e9 sk\u00fatre osloboden\u00e9 od cestnej dane, pri pou\u017e\u00edvan\u00ed na verejn\u00fdch komunik\u00e1ci\u00e1ch je povinn\u00e9 poistenie zodpovednosti. Porovnajte sadzby poistenia r\u00f4znych poskytovate\u013eov, aby ste na\u0161li pre v\u00e1s najlep\u0161iu mo\u017enos\u0165.  <\/li>\n<li>Pr\u00edslu\u0161enstvo a doplnky: Myslite aj na n\u00e1klady na pr\u00edslu\u0161enstvo a doplnky, ako s\u00fa prilby, bezpe\u010dnostn\u00e9 z\u00e1mky, ochrana proti da\u017e\u010fu alebo dodato\u010dn\u00e9 bat\u00e9rie. Tieto dodato\u010dn\u00e9 v\u00fddavky by ste mali zoh\u013eadni\u0165 vo svojom rozpo\u010dte.\n<p>Tak\u017ee: k\u00fapa elektrick\u00e9ho sk\u00fatra nemus\u00ed by\u0165 drah\u00e1. Sta\u010d\u00ed d\u00f4kladn\u00fd prieskum a porovnanie r\u00f4znych modelov. <\/p>\n<p><strong>Len za 2 490 \u20ac m\u00f4\u017eete z\u00edska\u0165 n\u00e1\u0161 Coop Rugged GS a vyu\u017e\u00edva\u0165 mnoh\u00e9 v\u00fdhody:<\/strong><\/p>\n<\/li>\n<\/ol>\n<ol>\n<li>R\u00fdchly a obratn\u00fd pohyb: Na\u0161e modely sa vyzna\u010duj\u00fa v\u00fdnimo\u010dnou man\u00e9vrovate\u013enos\u0165ou a r\u00fdchlou akceler\u00e1ciou. V\u010faka n\u00edzkej hmotnosti vozidla len 40 kg, vysokokvalitn\u00fdm bat\u00e9ri\u00e1m od renomovan\u00fdch v\u00fdrobcov, ako je LG, a 1200-wattov\u00e9mu motoru v n\u00e1boji pon\u00fakaj\u00fa elektrick\u00e9 kolobe\u017eky Coopop p\u00f4sobiv\u00fd v\u00fdkon. Do cie\u013ea preto zvy\u010dajne doraz\u00edte r\u00fdchlej\u0161ie a s men\u0161\u00edm stresom ako na bicykli, verejnou dopravou alebo autom.  <\/li>\n<li>Dostato\u010dn\u00fd dojazd: S dojazdom a\u017e 50 km na jedno nabitie m\u00f4\u017eete pokojne pl\u00e1nova\u0165 \u010fal\u0161iu cestu. Ak v\u00e1m d\u00f4jde energia, m\u00f4\u017eete sk\u00fater dobi\u0165 kdeko\u013evek v akejko\u013evek be\u017enej uzemnenej z\u00e1suvke 230 V. <\/li>\n<li>Cenovo v\u00fdhodn\u00e1 alternat\u00edva k verejnej doprave: Pri s\u00fa\u010dasn\u00fdch cen\u00e1ch energie s\u00fa n\u00e1klady na nabitie bat\u00e9rie ni\u017e\u0161ie ako 50 centov. To je v\u00fdrazne lacnej\u0161ie ako v\u00e4\u010d\u0161ina druhov verejnej dopravy a umo\u017e\u0148uje v\u00e1m cestova\u0165 n\u00e1kladovo efekt\u00edvnym a ekologick\u00fdm sp\u00f4sobom. <\/li>\n<li>Pohodln\u00fd n\u00e1kupn\u00fd proces online: V spolo\u010dnosti Coopop si m\u00f4\u017eete k\u00fapi\u0165 elektrick\u00fd sk\u00fater z pohodlia domova. Cel\u00fd proces prebieha online, od v\u00fdberu modelu a\u017e po odoslanie objedn\u00e1vky. Ak si st\u00e1le nie ste ist\u00ed, \u010di je pre v\u00e1s elektrick\u00fd sk\u00fater vhodn\u00fd, m\u00e1te mo\u017enos\u0165 dohodn\u00fa\u0165 si sk\u00fa\u0161obn\u00fa jazdu e\u0161te pred prijat\u00edm kone\u010dn\u00e9ho rozhodnutia. Dod\u00e1vka sa uskuto\u010d\u0148uje priamo k va\u0161im dver\u00e1m, tak\u017ee sa nemus\u00edte stara\u0165 o dopravu.   <\/li>\n<li>Flexibiln\u00fd platobn\u00fd model: Ak uprednost\u0148ujete mo\u017enos\u0165 mesa\u010dn\u00fdch platieb, m\u00f4\u017eete si u spolo\u010dnosti Coop k\u00fapi\u0165 tovar na spl\u00e1tky prostredn\u00edctvom slu\u017eby PayPal. V\u010faka tomu m\u00f4\u017eete vyu\u017e\u00edva\u0165 v\u00fdhody elektrick\u00e9ho sk\u00fatra Coop u\u017e teraz. <\/li>\n<\/ol>\n\t\t\t\t\t\t\t\t<\/div>\n\t\t\t\t<\/div>\n\t\t\t\t<div class=\"elementor-element elementor-element-b5fa542 elementor-widget elementor-widget-heading\" data-id=\"b5fa542\" data-element_type=\"widget\" data-widget_type=\"heading.default\">\n\t\t\t\t<div class=\"elementor-widget-container\">\n\t\t\t\t\t<h2 class=\"elementor-heading-title elementor-size-default\"><a href=\"https:\/\/test.coopop.bike\/shop\/rugged-gs\/\">Kliknut\u00edm sem z\u00edskate produkt Coop Rugged GS.<\/a><\/h2>\t\t\t\t<\/div>\n\t\t\t\t<\/div>\n\t\t\t\t<\/div>\n\t\t\t\t<\/div>\n\t\t","protected":false},"excerpt":{"rendered":"<p>N\u00e1kup elektrick\u00e9ho sk\u00fatra: tipy a inform\u00e1cie Elektrick\u00e9 kolobe\u017eky s\u00fa nielen ekologick\u00e9, ale aj cenovo v\u00fdhodnou alternat\u00edvou k be\u017en\u00fdm dopravn\u00fdm prostriedkom. Ak si chcete k\u00fapi\u0165 elektrick\u00fd sk\u00fater a z\u00e1rove\u0148 u\u0161etri\u0165 peniaze, ste na spr\u00e1vnom mieste! V tomto \u010dl\u00e1nku n\u00e1jdete v\u0161etky d\u00f4le\u017eit\u00e9 inform\u00e1cie a cenn\u00e9 rady, ako z\u00edska\u0165 najlep\u0161iu ponuku na elektrick\u00fd sk\u00fater. Pred n\u00e1kupom: Porovnanie: Pred k\u00fapou elektrick\u00e9ho sk\u00fatra je d\u00f4le\u017eit\u00e9 urobi\u0165 dostato\u010dn\u00fd prieskum a porovna\u0165 r\u00f4zne modely medzi sebou. Venujte pozornos\u0165 krit\u00e9ri\u00e1m, ako je dojazd, \u010das nab\u00edjania, maxim\u00e1lna r\u00fdchlos\u0165, kvalita a cena. Pri rozhodovan\u00ed v\u00e1m m\u00f4\u017eu pom\u00f4c\u0165 online recenzie a n\u00e1zory odborn\u00edkov. Finan\u010dn\u00e1 podpora: Informujte sa o mo\u017en\u00fdch mo\u017enostiach finan\u010dnej podpory na n\u00e1kup elektrick\u00e9ho sk\u00fatra. Mnoh\u00e9 krajiny a regi\u00f3ny pon\u00fakaj\u00fa podporn\u00e9 programy alebo granty na u\u013eah\u010denie prechodu na ekologick\u00e9 vozidl\u00e1. Presk\u00famajte programy miestnej samospr\u00e1vy alebo sa obr\u00e1\u0165te na energetick\u00e9 spolo\u010dnosti a obce, aby ste zistili, \u010di m\u00f4\u017eete tak\u00fato podporu vyu\u017ei\u0165. Viac inform\u00e1ci\u00ed n\u00e1jdete tu. K\u00fapa z druhej ruky: Ak chcete u\u0161etri\u0165, m\u00f4\u017eete zv\u00e1\u017ei\u0165 aj k\u00fapu elektrick\u00e9ho sk\u00fatra z druhej ruky. Prostredn\u00edctvom online platforiem alebo miestnych inzertn\u00fdch trhov m\u00f4\u017eete n\u00e1js\u0165 modely v dobrom stave za zn\u00ed\u017een\u00fa cenu. Nezabudnite skontrolova\u0165 stav kolobe\u017eky a op\u00fdtajte sa predajcu na \u017eivotnos\u0165 bat\u00e9rie a hist\u00f3riu \u00fadr\u017eby. \u00dadr\u017eba a opravy: Nezabudnite do v\u00fdpo\u010dtu zahrn\u00fa\u0165 n\u00e1klady na \u00fadr\u017ebu a opravy. Uistite sa, \u017ee poskytovate\u013e v\u00e1\u0161ho elektrick\u00e9ho sk\u00fatra m\u00e1 dobr\u00fa poves\u0165, pokia\u013e ide o spo\u013eahlivos\u0165 a z\u00e1kazn\u00edcky servis. Kvalitn\u00e9 modely zvy\u010dajne vy\u017eaduj\u00fa menej \u00fadr\u017eby a maj\u00fa dlh\u0161ie z\u00e1ru\u010dn\u00e9 lehoty, \u010do v\u00e1m m\u00f4\u017ee z dlhodob\u00e9ho h\u013eadiska u\u0161etri\u0165 peniaze. Poistenie a dane: Nezabudnite do pl\u00e1novania rozpo\u010dtu zahrn\u00fa\u0165 n\u00e1klady na poistenie a pr\u00edpadn\u00e9 dane. Hoci s\u00fa elektrick\u00e9 sk\u00fatre osloboden\u00e9 od cestnej dane, pri pou\u017e\u00edvan\u00ed na verejn\u00fdch komunik\u00e1ci\u00e1ch je povinn\u00e9 poistenie zodpovednosti. Porovnajte sadzby poistenia r\u00f4znych poskytovate\u013eov, aby ste na\u0161li pre v\u00e1s najlep\u0161iu mo\u017enos\u0165. Pr\u00edslu\u0161enstvo a doplnky: Myslite aj na n\u00e1klady na pr\u00edslu\u0161enstvo a doplnky, ako s\u00fa prilby, bezpe\u010dnostn\u00e9 z\u00e1mky, ochrana proti da\u017e\u010fu alebo dodato\u010dn\u00e9 bat\u00e9rie. Tieto dodato\u010dn\u00e9 v\u00fddavky by ste mali zoh\u013eadni\u0165 vo svojom rozpo\u010dte. Tak\u017ee: k\u00fapa elektrick\u00e9ho sk\u00fatra nemus\u00ed by\u0165 drah\u00e1. Sta\u010d\u00ed d\u00f4kladn\u00fd prieskum a porovnanie r\u00f4znych modelov. Len za 2 490 \u20ac m\u00f4\u017eete z\u00edska\u0165 n\u00e1\u0161 Coop Rugged GS a vyu\u017e\u00edva\u0165 mnoh\u00e9 v\u00fdhody: R\u00fdchly a obratn\u00fd pohyb: Na\u0161e modely sa vyzna\u010duj\u00fa v\u00fdnimo\u010dnou man\u00e9vrovate\u013enos\u0165ou a r\u00fdchlou akceler\u00e1ciou. V\u010faka n\u00edzkej hmotnosti vozidla len 40 kg, vysokokvalitn\u00fdm bat\u00e9ri\u00e1m od renomovan\u00fdch v\u00fdrobcov, ako je LG, a 1200-wattov\u00e9mu motoru v n\u00e1boji pon\u00fakaj\u00fa elektrick\u00e9 kolobe\u017eky Coopop p\u00f4sobiv\u00fd v\u00fdkon. Do cie\u013ea preto zvy\u010dajne doraz\u00edte r\u00fdchlej\u0161ie a s men\u0161\u00edm stresom ako na bicykli, verejnou dopravou alebo autom. Dostato\u010dn\u00fd dojazd: S dojazdom a\u017e 50 km na jedno nabitie m\u00f4\u017eete pokojne pl\u00e1nova\u0165 \u010fal\u0161iu cestu. Ak v\u00e1m d\u00f4jde energia, m\u00f4\u017eete sk\u00fater dobi\u0165 kdeko\u013evek v akejko\u013evek be\u017enej uzemnenej z\u00e1suvke 230 V. Cenovo v\u00fdhodn\u00e1 alternat\u00edva k verejnej doprave: Pri s\u00fa\u010dasn\u00fdch cen\u00e1ch energie s\u00fa n\u00e1klady na nabitie bat\u00e9rie ni\u017e\u0161ie ako 50 centov. To je v\u00fdrazne lacnej\u0161ie ako v\u00e4\u010d\u0161ina druhov verejnej dopravy a umo\u017e\u0148uje v\u00e1m cestova\u0165 n\u00e1kladovo efekt\u00edvnym a ekologick\u00fdm sp\u00f4sobom. Pohodln\u00fd n\u00e1kupn\u00fd proces online: V spolo\u010dnosti Coopop si m\u00f4\u017eete k\u00fapi\u0165 elektrick\u00fd sk\u00fater z pohodlia domova. Cel\u00fd proces prebieha online, od v\u00fdberu modelu a\u017e po odoslanie objedn\u00e1vky. Ak si st\u00e1le nie ste ist\u00ed, \u010di je pre v\u00e1s elektrick\u00fd sk\u00fater vhodn\u00fd, m\u00e1te mo\u017enos\u0165 dohodn\u00fa\u0165 si sk\u00fa\u0161obn\u00fa jazdu e\u0161te pred prijat\u00edm kone\u010dn\u00e9ho rozhodnutia. Dod\u00e1vka sa uskuto\u010d\u0148uje priamo k va\u0161im dver\u00e1m, tak\u017ee sa nemus\u00edte stara\u0165 o dopravu. Flexibiln\u00fd platobn\u00fd model: Ak uprednost\u0148ujete mo\u017enos\u0165 mesa\u010dn\u00fdch platieb, m\u00f4\u017eete si u spolo\u010dnosti Coop k\u00fapi\u0165 tovar na spl\u00e1tky prostredn\u00edctvom slu\u017eby PayPal. V\u010faka tomu m\u00f4\u017eete vyu\u017e\u00edva\u0165 v\u00fdhody elektrick\u00e9ho sk\u00fatra Coop u\u017e teraz. Kliknut\u00edm sem z\u00edskate produkt Coop Rugged GS.<\/p>\n","protected":false},"author":1,"featured_media":0,"parent":0,"menu_order":0,"comment_status":"closed","ping_status":"closed","template":"elementor_header_footer","meta":{"ocean_post_layout":"","ocean_both_sidebars_style":"","ocean_both_sidebars_content_width":0,"ocean_both_sidebars_sidebars_width":0,"ocean_sidebar":"","ocean_second_sidebar":"","ocean_disable_margins":"enable","ocean_add_body_class":"","ocean_shortcode_before_top_bar":"","ocean_shortcode_after_top_bar":"","ocean_shortcode_before_header":"","ocean_shortcode_after_header":"","ocean_has_shortcode":"","ocean_shortcode_after_title":"","ocean_shortcode_before_footer_widgets":"","ocean_shortcode_after_footer_widgets":"","ocean_shortcode_before_footer_bottom":"","ocean_shortcode_after_footer_bottom":"","ocean_display_top_bar":"default","ocean_display_header":"default","ocean_header_style":"","ocean_center_header_left_menu":"","ocean_custom_header_template":"","ocean_custom_logo":0,"ocean_custom_retina_logo":0,"ocean_custom_logo_max_width":0,"ocean_custom_logo_tablet_max_width":0,"ocean_custom_logo_mobile_max_width":0,"ocean_custom_logo_max_height":0,"ocean_custom_logo_tablet_max_height":0,"ocean_custom_logo_mobile_max_height":0,"ocean_header_custom_menu":"","ocean_menu_typo_font_family":"","ocean_menu_typo_font_subset":"","ocean_menu_typo_font_size":0,"ocean_menu_typo_font_size_tablet":0,"ocean_menu_typo_font_size_mobile":0,"ocean_menu_typo_font_size_unit":"px","ocean_menu_typo_font_weight":"","ocean_menu_typo_font_weight_tablet":"","ocean_menu_typo_font_weight_mobile":"","ocean_menu_typo_transform":"","ocean_menu_typo_transform_tablet":"","ocean_menu_typo_transform_mobile":"","ocean_menu_typo_line_height":0,"ocean_menu_typo_line_height_tablet":0,"ocean_menu_typo_line_height_mobile":0,"ocean_menu_typo_line_height_unit":"","ocean_menu_typo_spacing":0,"ocean_menu_typo_spacing_tablet":0,"ocean_menu_typo_spacing_mobile":0,"ocean_menu_typo_spacing_unit":"","ocean_menu_link_color":"","ocean_menu_link_color_hover":"","ocean_menu_link_color_active":"","ocean_menu_link_background":"","ocean_menu_link_hover_background":"","ocean_menu_link_active_background":"","ocean_menu_social_links_bg":"","ocean_menu_social_hover_links_bg":"","ocean_menu_social_links_color":"","ocean_menu_social_hover_links_color":"","ocean_disable_title":"default","ocean_disable_heading":"default","ocean_post_title":"","ocean_post_subheading":"","ocean_post_title_style":"","ocean_post_title_background_color":"","ocean_post_title_background":0,"ocean_post_title_bg_image_position":"","ocean_post_title_bg_image_attachment":"","ocean_post_title_bg_image_repeat":"","ocean_post_title_bg_image_size":"","ocean_post_title_height":0,"ocean_post_title_bg_overlay":0.5,"ocean_post_title_bg_overlay_color":"","ocean_disable_breadcrumbs":"default","ocean_breadcrumbs_color":"","ocean_breadcrumbs_separator_color":"","ocean_breadcrumbs_links_color":"","ocean_breadcrumbs_links_hover_color":"","ocean_display_footer_widgets":"default","ocean_display_footer_bottom":"default","ocean_custom_footer_template":"","footnotes":""},"class_list":["post-10452","page","type-page","status-publish","hentry","entry","owp-thumbs-layout-horizontal","owp-btn-normal","owp-tabs-layout-horizontal","has-no-thumbnails","has-product-nav"],"_links":{"self":[{"href":"https:\/\/test.coopop.bike\/sk\/wp-json\/wp\/v2\/pages\/10452","targetHints":{"allow":["GET"]}}],"collection":[{"href":"https:\/\/test.coopop.bike\/sk\/wp-json\/wp\/v2\/pages"}],"about":[{"href":"https:\/\/test.coopop.bike\/sk\/wp-json\/wp\/v2\/types\/page"}],"author":[{"embeddable":true,"href":"https:\/\/test.coopop.bike\/sk\/wp-json\/wp\/v2\/users\/1"}],"replies":[{"embeddable":true,"href":"https:\/\/test.coopop.bike\/sk\/wp-json\/wp\/v2\/comments?post=10452"}],"version-history":[{"count":3,"href":"https:\/\/test.coopop.bike\/sk\/wp-json\/wp\/v2\/pages\/10452\/revisions"}],"predecessor-version":[{"id":10461,"href":"https:\/\/test.coopop.bike\/sk\/wp-json\/wp\/v2\/pages\/10452\/revisions\/10461"}],"wp:attachment":[{"href":"https:\/\/test.coopop.bike\/sk\/wp-json\/wp\/v2\/media?parent=10452"}],"curies":[{"name":"wp","href":"https:\/\/api.w.org\/{rel}","templated":true}]}}